{"id":17022,"date":"2019-01-25T16:00:29","date_gmt":"2019-01-25T16:00:29","guid":{"rendered":"https:\/\/www.sibeag.ch\/shop\/non%20class\u00e9\/poignee-pour-manches-de-rateaux-a-bunker-en-fibre-de-verre\/"},"modified":"2026-02-18T16:34:56","modified_gmt":"2026-02-18T15:34:56","slug":"poignee-pour-manches-de-rateaux-a-bunker-en-fibre-de-verre","status":"publish","type":"product","link":"https:\/\/sibeag.ch\/fr\/parcours-de-golf\/bunker-fr\/pieces-detachees-accessoires-pour-rateau-de-bunker\/poignee-pour-manches-de-rateaux-a-bunker-en-fibre-de-verre\/","title":{"rendered":"Poign\u00e9e pour manches de r\u00e2teaux \u00e0 bunker en fibre de verre"},"content":{"rendered":"","protected":false},"excerpt":{"rendered":"<p><img loading=\"lazy\" decoding=\"async\" class=\"alignright size-medium wp-image-3355\" src=\"https:\/\/www.sibeag.ch\/wp-content\/uploads\/StandardGolf_Logo-300x83.jpg\" alt=\"Logo de Standard Golf\" width=\"112\" height=\"31\"><\/p>\n<h1>Poign\u00e9e pour manches de r\u00e2teaux \u00e0 bunker en fibre de verre<\/h1>\n<ul>\n<li>compatible avec les manches en fibre de verre de Standard Golf<\/li>\n<\/ul>\n","protected":false},"featured_media":16358,"template":"","meta":{"_acf_changed":false},"product_brand":[2972],"product_cat":[961,984,1130],"product_tag":[],"class_list":{"0":"entry","1":"author-sibegolf","2":"has-excerpt","3":"post-17022","4":"product","5":"type-product","6":"status-publish","7":"has-post-thumbnail","8":"product_brand-standard-golf","9":"product_cat-parcours-de-golf","10":"product_cat-bunker-fr","11":"product_cat-pieces-detachees-accessoires-pour-rateau-de-bunker","13":"first","14":"instock","15":"taxable","16":"shipping-taxable","17":"purchasable","18":"product-type-simple"},"acf":[],"_links":{"self":[{"href":"https:\/\/sibeag.ch\/fr\/wp-json\/wp\/v2\/product\/17022","targetHints":{"allow":["GET"]}}],"collection":[{"href":"https:\/\/sibeag.ch\/fr\/wp-json\/wp\/v2\/product"}],"about":[{"href":"https:\/\/sibeag.ch\/fr\/wp-json\/wp\/v2\/types\/product"}],"wp:featuredmedia":[{"embeddable":true,"href":"https:\/\/sibeag.ch\/fr\/wp-json\/wp\/v2\/media\/16358"}],"wp:attachment":[{"href":"https:\/\/sibeag.ch\/fr\/wp-json\/wp\/v2\/media?parent=17022"}],"wp:term":[{"taxonomy":"product_brand","embeddable":true,"href":"https:\/\/sibeag.ch\/fr\/wp-json\/wp\/v2\/product_brand?post=17022"},{"taxonomy":"product_cat","embeddable":true,"href":"https:\/\/sibeag.ch\/fr\/wp-json\/wp\/v2\/product_cat?post=17022"},{"taxonomy":"product_tag","embeddable":true,"href":"https:\/\/sibeag.ch\/fr\/wp-json\/wp\/v2\/product_tag?post=17022"}],"curies":[{"name":"wp","href":"https:\/\/api.w.org\/{rel}","templated":true}]}}