{"id":17039,"date":"2019-01-25T16:13:14","date_gmt":"2019-02-18T09:09:10","guid":{"rendered":"https:\/\/www.sibeag.ch\/shop\/non%20class\u00e9\/banniere-promotionnelle-pour-face-arriere-dryrainge\/"},"modified":"2024-11-30T09:05:19","modified_gmt":"2024-11-30T08:05:19","slug":"banniere-promotionnelle-pour-face-arriere-dryrainge","status":"publish","type":"product","link":"https:\/\/sibeag.ch\/fr\/practice-driving-range\/amenagement-equipement\/abris\/banniere-promotionnelle-pour-face-arriere-dryrainge\/","title":{"rendered":"Banni\u00e8re promotionnelle pour face-arri\u00e8re Dryrainge"},"content":{"rendered":"","protected":false},"excerpt":{"rendered":"<h1>Banni\u00e8re promotionnelle pour face-arri\u00e8re Dryrainge<\/h1>\n<ul>\n<li>peut \u00eatre personnalis\u00e9s avec le logo du club ou d&rsquo;un sponsor<\/li>\n<\/ul>\n","protected":false},"featured_media":10266,"template":"","meta":{"_acf_changed":false},"product_brand":[],"product_cat":[964,2772,2775],"product_tag":[2939],"class_list":{"0":"entry","1":"author-sibegolf","2":"has-excerpt","3":"post-17039","4":"product","5":"type-product","6":"status-publish","7":"has-post-thumbnail","8":"product_cat-practice-driving-range","9":"product_cat-amenagement-equipement","10":"product_cat-abris","11":"product_tag-sur-demande","13":"first","14":"instock","15":"taxable","16":"shipping-taxable","17":"purchasable","18":"product-type-simple"},"acf":[],"_links":{"self":[{"href":"https:\/\/sibeag.ch\/fr\/wp-json\/wp\/v2\/product\/17039","targetHints":{"allow":["GET"]}}],"collection":[{"href":"https:\/\/sibeag.ch\/fr\/wp-json\/wp\/v2\/product"}],"about":[{"href":"https:\/\/sibeag.ch\/fr\/wp-json\/wp\/v2\/types\/product"}],"wp:featuredmedia":[{"embeddable":true,"href":"https:\/\/sibeag.ch\/fr\/wp-json\/wp\/v2\/media\/10266"}],"wp:attachment":[{"href":"https:\/\/sibeag.ch\/fr\/wp-json\/wp\/v2\/media?parent=17039"}],"wp:term":[{"taxonomy":"product_brand","embeddable":true,"href":"https:\/\/sibeag.ch\/fr\/wp-json\/wp\/v2\/product_brand?post=17039"},{"taxonomy":"product_cat","embeddable":true,"href":"https:\/\/sibeag.ch\/fr\/wp-json\/wp\/v2\/product_cat?post=17039"},{"taxonomy":"product_tag","embeddable":true,"href":"https:\/\/sibeag.ch\/fr\/wp-json\/wp\/v2\/product_tag?post=17039"}],"curies":[{"name":"wp","href":"https:\/\/api.w.org\/{rel}","templated":true}]}}