{"id":17060,"date":"2019-01-25T16:14:39","date_gmt":"2019-01-25T16:14:39","guid":{"rendered":"https:\/\/www.sibeag.ch\/shop\/non%20class\u00e9\/magstrike-pro-systeme-de-tapis-de-golf-double\/"},"modified":"2026-02-18T16:37:07","modified_gmt":"2026-02-18T15:37:07","slug":"magstrike-pro-systeme-de-tapis-de-golf-double","status":"publish","type":"product","link":"https:\/\/sibeag.ch\/fr\/practice-driving-range\/zone-de-depart\/tapis-de-practice\/magstrike-pro-systeme-de-tapis-de-golf-double\/","title":{"rendered":"MAGSTRIKE Pro Syst\u00e8me de tapis de golf, double"},"content":{"rendered":"","protected":false},"excerpt":{"rendered":"<p><img decoding=\"async\" class=\"alignright size-medium wp-image-3355 magstrike-logo\" src=\"https:\/\/www.sibeag.ch\/wp-content\/uploads\/MagStrike_Logo.png\" alt=\"Logo MagStrike\"><\/p>\n<h1>MAGSTRIKE Pro Syst\u00e8me de tapis de golf, double<\/h1>\n<p>Le premier tapis de golf au monde imitant le d\u00e9part sur herbe fid\u00e8lement. La technologie magn\u00e9tique brevet\u00e9e donne la sensation d&rsquo;un d\u00e9part sur herbe. Cette technologie unique absorbe les chocs. Cette technologie unique absorbe les chocs. Douleurs au niveau des \u00e9paules et au coude appartiennent au pass\u00e9 permettant un entra\u00eenement prolong\u00e9.<\/p>\n<ul>\n<li>187 x 124 x 5 cm<\/li>\n<li>syst\u00e8me compl\u00e8t avec cadre en caoutchouc, tapis et 1 brosse<\/li>\n<\/ul>\n","protected":false},"featured_media":9584,"template":"","meta":{"_acf_changed":false},"product_brand":[],"product_cat":[964,2768,1066],"product_tag":[],"class_list":{"0":"entry","1":"author-sibegolf","2":"has-excerpt","3":"post-17060","4":"product","5":"type-product","6":"status-publish","7":"has-post-thumbnail","8":"product_cat-practice-driving-range","9":"product_cat-zone-de-depart","10":"product_cat-tapis-de-practice","11":"product_shipping_class-objets-encombrants","13":"first","14":"instock","15":"taxable","16":"shipping-taxable","17":"purchasable","18":"product-type-simple"},"acf":[],"_links":{"self":[{"href":"https:\/\/sibeag.ch\/fr\/wp-json\/wp\/v2\/product\/17060","targetHints":{"allow":["GET"]}}],"collection":[{"href":"https:\/\/sibeag.ch\/fr\/wp-json\/wp\/v2\/product"}],"about":[{"href":"https:\/\/sibeag.ch\/fr\/wp-json\/wp\/v2\/types\/product"}],"wp:featuredmedia":[{"embeddable":true,"href":"https:\/\/sibeag.ch\/fr\/wp-json\/wp\/v2\/media\/9584"}],"wp:attachment":[{"href":"https:\/\/sibeag.ch\/fr\/wp-json\/wp\/v2\/media?parent=17060"}],"wp:term":[{"taxonomy":"product_brand","embeddable":true,"href":"https:\/\/sibeag.ch\/fr\/wp-json\/wp\/v2\/product_brand?post=17060"},{"taxonomy":"product_cat","embeddable":true,"href":"https:\/\/sibeag.ch\/fr\/wp-json\/wp\/v2\/product_cat?post=17060"},{"taxonomy":"product_tag","embeddable":true,"href":"https:\/\/sibeag.ch\/fr\/wp-json\/wp\/v2\/product_tag?post=17060"}],"curies":[{"name":"wp","href":"https:\/\/api.w.org\/{rel}","templated":true}]}}