{"id":17087,"date":"2019-01-25T16:12:58","date_gmt":"2019-02-18T09:23:14","guid":{"rendered":"https:\/\/www.sibeag.ch\/shop\/non%20class\u00e9\/epandeur-dengrais-scotts-accupro-2000\/"},"modified":"2024-12-20T13:09:33","modified_gmt":"2024-12-20T12:09:33","slug":"epandeur-dengrais-scotts-accupro-2000","status":"publish","type":"product","link":"https:\/\/sibeag.ch\/fr\/greenkeeping-fr\/outils-dentretien\/fertilisation\/epandeur-dengrais-scotts-accupro-2000\/","title":{"rendered":"\u00c9pandeur d&rsquo;engrais Scotts AccuPro 2000"},"content":{"rendered":"","protected":false},"excerpt":{"rendered":"<h1>\u00c9pandeur d&rsquo;engrais Scotts AccuPro 2000<\/h1>\n<ul>\n<li>r\u00e9servoir d&rsquo;\u00e9pandage de 42 litres<\/li>\n<li>largeur d&rsquo;\u00e9pandage de 2 \u00e0 4 m\u00e8tres<\/li>\n<li>manche de 91 cm de long<\/li>\n<\/ul>\n<p>Ce produit a \u00e9t\u00e9 remplac\u00e9 par <a href=\"https:\/\/sibeag.ch\/greenkeeping\/pflege\/duengen\/duengerstreuer-accupro-360st\/\">l\u2019\u00e9pandeur d\u2019engrais AccuPro 360ST<\/a> et n\u2019est plus disponible.<\/p>\n","protected":false},"featured_media":10330,"template":"","meta":{"_acf_changed":false},"product_brand":[],"product_cat":[1001,1025,2817],"product_tag":[2939],"class_list":{"0":"entry","1":"author-sibegolf","2":"has-excerpt","3":"post-17087","4":"product","5":"type-product","6":"status-publish","7":"has-post-thumbnail","8":"product_cat-greenkeeping-fr","9":"product_cat-outils-dentretien","10":"product_cat-fertilisation","11":"product_tag-sur-demande","13":"first","14":"outofstock","15":"taxable","16":"shipping-taxable","17":"purchasable","18":"product-type-simple"},"acf":[],"_links":{"self":[{"href":"https:\/\/sibeag.ch\/fr\/wp-json\/wp\/v2\/product\/17087","targetHints":{"allow":["GET"]}}],"collection":[{"href":"https:\/\/sibeag.ch\/fr\/wp-json\/wp\/v2\/product"}],"about":[{"href":"https:\/\/sibeag.ch\/fr\/wp-json\/wp\/v2\/types\/product"}],"wp:featuredmedia":[{"embeddable":true,"href":"https:\/\/sibeag.ch\/fr\/wp-json\/wp\/v2\/media\/10330"}],"wp:attachment":[{"href":"https:\/\/sibeag.ch\/fr\/wp-json\/wp\/v2\/media?parent=17087"}],"wp:term":[{"taxonomy":"product_brand","embeddable":true,"href":"https:\/\/sibeag.ch\/fr\/wp-json\/wp\/v2\/product_brand?post=17087"},{"taxonomy":"product_cat","embeddable":true,"href":"https:\/\/sibeag.ch\/fr\/wp-json\/wp\/v2\/product_cat?post=17087"},{"taxonomy":"product_tag","embeddable":true,"href":"https:\/\/sibeag.ch\/fr\/wp-json\/wp\/v2\/product_tag?post=17087"}],"curies":[{"name":"wp","href":"https:\/\/api.w.org\/{rel}","templated":true}]}}