{"id":17156,"date":"2019-01-25T16:21:29","date_gmt":"2019-02-18T20:30:07","guid":{"rendered":"https:\/\/www.sibeag.ch\/shop\/non%20class\u00e9\/separateur-avec-banniere-promotionnelle\/"},"modified":"2024-11-30T09:40:40","modified_gmt":"2024-11-30T08:40:40","slug":"divider-mit-logo-banner","status":"publish","type":"product","link":"https:\/\/sibeag.ch\/fr\/practice-driving-range\/zone-de-depart\/separateurs-supports-de-sac\/divider-mit-logo-banner\/","title":{"rendered":"S\u00e9parateur avec banni\u00e8re promotionnelle"},"content":{"rendered":"","protected":false},"excerpt":{"rendered":"<p><img decoding=\"async\" class=\"alignright size-medium wp-image-3355 pattisson\" src=\"https:\/\/www.sibeag.ch\/wp-content\/uploads\/Pattisson_Logo.jpg\" alt=\"Logo Pattisson\" width=\"78px\"><\/p>\n<h1>S\u00e9parateur avec banni\u00e8re promotionnelle<\/h1>\n<ul>\n<li>152 x 4 x 76 cm (L x P x H)<\/li>\n<li>Banni\u00e8re dans la conception d\u00e9sir\u00e9e<\/li>\n<\/ul>\n","protected":false},"featured_media":10232,"template":"","meta":{"_acf_changed":false},"product_brand":[],"product_cat":[964,2768,1041],"product_tag":[2939],"class_list":{"0":"entry","1":"author-sibegolf","2":"has-excerpt","3":"post-17156","4":"product","5":"type-product","6":"status-publish","7":"has-post-thumbnail","8":"product_cat-practice-driving-range","9":"product_cat-zone-de-depart","10":"product_cat-separateurs-supports-de-sac","11":"product_tag-sur-demande","13":"first","14":"instock","15":"taxable","16":"shipping-taxable","17":"purchasable","18":"product-type-simple"},"acf":[],"_links":{"self":[{"href":"https:\/\/sibeag.ch\/fr\/wp-json\/wp\/v2\/product\/17156","targetHints":{"allow":["GET"]}}],"collection":[{"href":"https:\/\/sibeag.ch\/fr\/wp-json\/wp\/v2\/product"}],"about":[{"href":"https:\/\/sibeag.ch\/fr\/wp-json\/wp\/v2\/types\/product"}],"wp:featuredmedia":[{"embeddable":true,"href":"https:\/\/sibeag.ch\/fr\/wp-json\/wp\/v2\/media\/10232"}],"wp:attachment":[{"href":"https:\/\/sibeag.ch\/fr\/wp-json\/wp\/v2\/media?parent=17156"}],"wp:term":[{"taxonomy":"product_brand","embeddable":true,"href":"https:\/\/sibeag.ch\/fr\/wp-json\/wp\/v2\/product_brand?post=17156"},{"taxonomy":"product_cat","embeddable":true,"href":"https:\/\/sibeag.ch\/fr\/wp-json\/wp\/v2\/product_cat?post=17156"},{"taxonomy":"product_tag","embeddable":true,"href":"https:\/\/sibeag.ch\/fr\/wp-json\/wp\/v2\/product_tag?post=17156"}],"curies":[{"name":"wp","href":"https:\/\/api.w.org\/{rel}","templated":true}]}}