{"id":17200,"date":"2019-01-25T16:24:22","date_gmt":"2019-02-18T22:49:42","guid":{"rendered":"https:\/\/www.sibeag.ch\/shop\/non%20class\u00e9\/marque-de-depart-bronze-deux-cotes\/"},"modified":"2024-11-30T08:57:32","modified_gmt":"2024-11-30T07:57:32","slug":"marque-de-depart-bronze-deux-cotes","status":"publish","type":"product","link":"https:\/\/sibeag.ch\/fr\/parcours-de-golf\/depart\/marques-de-depart\/marque-de-depart-bronze-deux-cotes\/","title":{"rendered":"Marque de d\u00e9part Bronze, deux-c\u00f4t\u00e9s"},"content":{"rendered":"","protected":false},"excerpt":{"rendered":"<p>&nbsp;<\/p>\n<h1>Marque de d\u00e9part Bronze, deux-c\u00f4t\u00e9s<\/h1>\n<ul>\n<li>15 x 10 cm<\/li>\n<li>avec 2 pointes<\/li>\n<li>logo sur les deux c\u00f4t\u00e9s<\/li>\n<li>fonte de bronze<\/li>\n<\/ul>\n","protected":false},"featured_media":10676,"template":"","meta":{"_acf_changed":false},"product_brand":[],"product_cat":[961,966,1009],"product_tag":[1910,2939],"class_list":{"0":"entry","1":"author-sibegolf","2":"has-excerpt","3":"post-17200","4":"product","5":"type-product","6":"status-publish","7":"has-post-thumbnail","8":"product_cat-parcours-de-golf","9":"product_cat-depart","10":"product_cat-marques-de-depart","11":"product_tag-marques-de-depart","12":"product_tag-sur-demande","14":"first","15":"instock","16":"taxable","17":"shipping-taxable","18":"purchasable","19":"product-type-simple"},"acf":[],"_links":{"self":[{"href":"https:\/\/sibeag.ch\/fr\/wp-json\/wp\/v2\/product\/17200","targetHints":{"allow":["GET"]}}],"collection":[{"href":"https:\/\/sibeag.ch\/fr\/wp-json\/wp\/v2\/product"}],"about":[{"href":"https:\/\/sibeag.ch\/fr\/wp-json\/wp\/v2\/types\/product"}],"wp:featuredmedia":[{"embeddable":true,"href":"https:\/\/sibeag.ch\/fr\/wp-json\/wp\/v2\/media\/10676"}],"wp:attachment":[{"href":"https:\/\/sibeag.ch\/fr\/wp-json\/wp\/v2\/media?parent=17200"}],"wp:term":[{"taxonomy":"product_brand","embeddable":true,"href":"https:\/\/sibeag.ch\/fr\/wp-json\/wp\/v2\/product_brand?post=17200"},{"taxonomy":"product_cat","embeddable":true,"href":"https:\/\/sibeag.ch\/fr\/wp-json\/wp\/v2\/product_cat?post=17200"},{"taxonomy":"product_tag","embeddable":true,"href":"https:\/\/sibeag.ch\/fr\/wp-json\/wp\/v2\/product_tag?post=17200"}],"curies":[{"name":"wp","href":"https:\/\/api.w.org\/{rel}","templated":true}]}}