{"id":17207,"date":"2019-01-25T16:25:18","date_gmt":"2019-01-25T16:25:18","guid":{"rendered":"https:\/\/www.sibeag.ch\/shop\/non%20class\u00e9\/filet-de-protection-pe-noir-oe-1-2-mm\/"},"modified":"2026-02-18T16:40:46","modified_gmt":"2026-02-18T15:40:46","slug":"filet-de-protection-pe-noir-o-1-2-mm","status":"publish","type":"product","link":"https:\/\/sibeag.ch\/fr\/practice-driving-range\/amenagement-equipement\/filets-de-securite\/filet-de-protection-pe-noir-o-1-2-mm\/","title":{"rendered":"Filet de protection PE noir, \u00f8 1.2 mm"},"content":{"rendered":"","protected":false},"excerpt":{"rendered":"<h1>Filet de protection PE noir, \u00f8 1.2 mm<\/h1>\n<ul>\n<li>mailles de 25 mm, nou\u00e9<\/li>\n<li>bordure renforc\u00e9e<\/li>\n<li>pour une utilisation en tant que filet de s\u00e9curit\u00e9 \u00e0 l&rsquo;ext\u00e9rieur<\/li>\n<\/ul>\n","protected":false},"featured_media":10424,"template":"","meta":{"_acf_changed":false},"product_brand":[],"product_cat":[964,2772,1103,1106],"product_tag":[],"class_list":{"0":"entry","1":"author-sibegolf","2":"has-excerpt","3":"post-17207","4":"product","5":"type-product","6":"status-publish","7":"has-post-thumbnail","8":"product_cat-practice-driving-range","9":"product_cat-amenagement-equipement","10":"product_cat-filets-de-securite","11":"product_cat-exterieur","13":"first","14":"instock","15":"taxable","16":"shipping-taxable","17":"purchasable","18":"product-type-simple"},"acf":[],"_links":{"self":[{"href":"https:\/\/sibeag.ch\/fr\/wp-json\/wp\/v2\/product\/17207","targetHints":{"allow":["GET"]}}],"collection":[{"href":"https:\/\/sibeag.ch\/fr\/wp-json\/wp\/v2\/product"}],"about":[{"href":"https:\/\/sibeag.ch\/fr\/wp-json\/wp\/v2\/types\/product"}],"wp:featuredmedia":[{"embeddable":true,"href":"https:\/\/sibeag.ch\/fr\/wp-json\/wp\/v2\/media\/10424"}],"wp:attachment":[{"href":"https:\/\/sibeag.ch\/fr\/wp-json\/wp\/v2\/media?parent=17207"}],"wp:term":[{"taxonomy":"product_brand","embeddable":true,"href":"https:\/\/sibeag.ch\/fr\/wp-json\/wp\/v2\/product_brand?post=17207"},{"taxonomy":"product_cat","embeddable":true,"href":"https:\/\/sibeag.ch\/fr\/wp-json\/wp\/v2\/product_cat?post=17207"},{"taxonomy":"product_tag","embeddable":true,"href":"https:\/\/sibeag.ch\/fr\/wp-json\/wp\/v2\/product_tag?post=17207"}],"curies":[{"name":"wp","href":"https:\/\/api.w.org\/{rel}","templated":true}]}}