{"id":17210,"date":"2019-01-25T16:25:59","date_gmt":"2019-01-25T16:25:59","guid":{"rendered":"https:\/\/www.sibeag.ch\/shop\/non%20class\u00e9\/protection-de-surcapacite-pour-elevateurs-range-servant\/"},"modified":"2026-02-18T16:41:05","modified_gmt":"2026-02-18T15:41:05","slug":"protection-de-surcapacite-pour-elevateurs-range-servant","status":"publish","type":"product","link":"https:\/\/sibeag.ch\/fr\/practice-driving-range\/systeme-de-gestion-de-balles\/elevateurs\/protection-de-surcapacite-pour-elevateurs-range-servant\/","title":{"rendered":"Protection de surcapacit\u00e9 pour \u00e9l\u00e9vateurs Range Servant"},"content":{"rendered":"","protected":false},"excerpt":{"rendered":"<p><img decoding=\"async\" class=\"alignright size-medium wp-image-3355 range-servant-logo\" src=\"https:\/\/www.sibeag.ch\/wp-content\/uploads\/range-servant-logo.jpg\" alt=\"Logo Range Servant\"><\/p>\n<h1>Protection de surcapacit\u00e9 pour \u00e9l\u00e9vateurs Range Servant<\/h1>\n<ul>\n<li>bo\u00eetier \u00e9lectronique de gestion et capteurs inclus<\/li>\n<\/ul>\n","protected":false},"featured_media":11051,"template":"","meta":{"_acf_changed":false},"product_brand":[],"product_cat":[964,1128],"product_tag":[],"class_list":{"0":"entry","1":"author-sibegolf","2":"has-excerpt","3":"post-17210","4":"product","5":"type-product","6":"status-publish","7":"has-post-thumbnail","8":"product_cat-practice-driving-range","9":"product_cat-elevateurs","11":"first","12":"instock","13":"taxable","14":"shipping-taxable","15":"purchasable","16":"product-type-simple"},"acf":[],"_links":{"self":[{"href":"https:\/\/sibeag.ch\/fr\/wp-json\/wp\/v2\/product\/17210","targetHints":{"allow":["GET"]}}],"collection":[{"href":"https:\/\/sibeag.ch\/fr\/wp-json\/wp\/v2\/product"}],"about":[{"href":"https:\/\/sibeag.ch\/fr\/wp-json\/wp\/v2\/types\/product"}],"wp:featuredmedia":[{"embeddable":true,"href":"https:\/\/sibeag.ch\/fr\/wp-json\/wp\/v2\/media\/11051"}],"wp:attachment":[{"href":"https:\/\/sibeag.ch\/fr\/wp-json\/wp\/v2\/media?parent=17210"}],"wp:term":[{"taxonomy":"product_brand","embeddable":true,"href":"https:\/\/sibeag.ch\/fr\/wp-json\/wp\/v2\/product_brand?post=17210"},{"taxonomy":"product_cat","embeddable":true,"href":"https:\/\/sibeag.ch\/fr\/wp-json\/wp\/v2\/product_cat?post=17210"},{"taxonomy":"product_tag","embeddable":true,"href":"https:\/\/sibeag.ch\/fr\/wp-json\/wp\/v2\/product_tag?post=17210"}],"curies":[{"name":"wp","href":"https:\/\/api.w.org\/{rel}","templated":true}]}}