{"id":17213,"date":"2019-01-25T16:16:47","date_gmt":"2019-01-25T16:16:47","guid":{"rendered":"https:\/\/www.sibeag.ch\/shop\/non%20class\u00e9\/unite-de-chargement-pour-cartes-a-puce\/"},"modified":"2026-02-18T16:37:54","modified_gmt":"2026-02-18T15:37:54","slug":"unite-de-chargement-pour-cartes-a-puce","status":"publish","type":"product","link":"https:\/\/sibeag.ch\/fr\/practice-driving-range\/systeme-de-gestion-de-balles\/systemes-de-paiement\/unite-de-chargement-pour-cartes-a-puce\/","title":{"rendered":"Unit\u00e9 de chargement pour cartes \u00e0 puce"},"content":{"rendered":"","protected":false},"excerpt":{"rendered":"<h1>Unit\u00e9 de chargement pour cartes \u00e0 puce<\/h1>\n<ul>\n<li>compatible avec lecteur de cartes SC<\/li>\n<li>connexion USB<\/li>\n<\/ul>\n","protected":false},"featured_media":10396,"template":"","meta":{"_acf_changed":false},"product_brand":[],"product_cat":[964,1076],"product_tag":[],"class_list":{"0":"entry","1":"author-sibegolf","2":"has-excerpt","3":"post-17213","4":"product","5":"type-product","6":"status-publish","7":"has-post-thumbnail","8":"product_cat-practice-driving-range","9":"product_cat-systemes-de-paiement","11":"first","12":"instock","13":"taxable","14":"shipping-taxable","15":"purchasable","16":"product-type-simple"},"acf":[],"_links":{"self":[{"href":"https:\/\/sibeag.ch\/fr\/wp-json\/wp\/v2\/product\/17213","targetHints":{"allow":["GET"]}}],"collection":[{"href":"https:\/\/sibeag.ch\/fr\/wp-json\/wp\/v2\/product"}],"about":[{"href":"https:\/\/sibeag.ch\/fr\/wp-json\/wp\/v2\/types\/product"}],"wp:featuredmedia":[{"embeddable":true,"href":"https:\/\/sibeag.ch\/fr\/wp-json\/wp\/v2\/media\/10396"}],"wp:attachment":[{"href":"https:\/\/sibeag.ch\/fr\/wp-json\/wp\/v2\/media?parent=17213"}],"wp:term":[{"taxonomy":"product_brand","embeddable":true,"href":"https:\/\/sibeag.ch\/fr\/wp-json\/wp\/v2\/product_brand?post=17213"},{"taxonomy":"product_cat","embeddable":true,"href":"https:\/\/sibeag.ch\/fr\/wp-json\/wp\/v2\/product_cat?post=17213"},{"taxonomy":"product_tag","embeddable":true,"href":"https:\/\/sibeag.ch\/fr\/wp-json\/wp\/v2\/product_tag?post=17213"}],"curies":[{"name":"wp","href":"https:\/\/api.w.org\/{rel}","templated":true}]}}