{"id":17218,"date":"2019-01-25T16:16:58","date_gmt":"2019-01-25T16:16:58","guid":{"rendered":"https:\/\/www.sibeag.ch\/shop\/non%20class\u00e9\/colle-speciale-a-deux-composants\/"},"modified":"2026-02-18T16:38:00","modified_gmt":"2026-02-18T15:38:00","slug":"colle-speciale-a-deux-composants","status":"publish","type":"product","link":"https:\/\/sibeag.ch\/fr\/practice-driving-range\/amenagement-equipement\/gazon-synthetique\/colle-speciale-a-deux-composants\/","title":{"rendered":"Colle sp\u00e9ciale \u00e0 deux composants"},"content":{"rendered":"","protected":false},"excerpt":{"rendered":"<h1>Colle sp\u00e9ciale \u00e0 deux composants<\/h1>\n<ul>\n<li>id\u00e9al pour le gazon synth\u00e9tique avec une couche de latex<\/li>\n<li>pour l&rsquo;ext\u00e9rieur<\/li>\n<\/ul>\n","protected":false},"featured_media":10620,"template":"","meta":{"_acf_changed":false},"product_brand":[],"product_cat":[964,2772,1094],"product_tag":[],"class_list":{"0":"entry","1":"author-sibegolf","2":"has-excerpt","3":"post-17218","4":"product","5":"type-product","6":"status-publish","7":"has-post-thumbnail","8":"product_cat-practice-driving-range","9":"product_cat-amenagement-equipement","10":"product_cat-gazon-synthetique","12":"first","13":"instock","14":"taxable","15":"shipping-taxable","16":"purchasable","17":"product-type-simple"},"acf":[],"_links":{"self":[{"href":"https:\/\/sibeag.ch\/fr\/wp-json\/wp\/v2\/product\/17218","targetHints":{"allow":["GET"]}}],"collection":[{"href":"https:\/\/sibeag.ch\/fr\/wp-json\/wp\/v2\/product"}],"about":[{"href":"https:\/\/sibeag.ch\/fr\/wp-json\/wp\/v2\/types\/product"}],"wp:featuredmedia":[{"embeddable":true,"href":"https:\/\/sibeag.ch\/fr\/wp-json\/wp\/v2\/media\/10620"}],"wp:attachment":[{"href":"https:\/\/sibeag.ch\/fr\/wp-json\/wp\/v2\/media?parent=17218"}],"wp:term":[{"taxonomy":"product_brand","embeddable":true,"href":"https:\/\/sibeag.ch\/fr\/wp-json\/wp\/v2\/product_brand?post=17218"},{"taxonomy":"product_cat","embeddable":true,"href":"https:\/\/sibeag.ch\/fr\/wp-json\/wp\/v2\/product_cat?post=17218"},{"taxonomy":"product_tag","embeddable":true,"href":"https:\/\/sibeag.ch\/fr\/wp-json\/wp\/v2\/product_tag?post=17218"}],"curies":[{"name":"wp","href":"https:\/\/api.w.org\/{rel}","templated":true}]}}