{"id":17219,"date":"2019-01-25T16:16:59","date_gmt":"2019-01-25T16:16:59","guid":{"rendered":"https:\/\/www.sibeag.ch\/shop\/non%20class\u00e9\/pistolet-de-pulverisation-a-main\/"},"modified":"2026-02-18T16:38:02","modified_gmt":"2026-02-18T15:38:02","slug":"pistolet-de-pulverisation-a-main","status":"publish","type":"product","link":"https:\/\/sibeag.ch\/fr\/greenkeeping-fr\/delimitation\/peinture-de-marquage\/pistolet-de-pulverisation-a-main\/","title":{"rendered":"Pistolet de pulv\u00e9risation \u00e0 main"},"content":{"rendered":"","protected":false},"excerpt":{"rendered":"<h1>Pistolet de pulv\u00e9risation \u00e0 main<\/h1>\n<ul>\n<li>pour les bombes de 750 ml<\/li>\n<li>en m\u00e9tal<\/li>\n<\/ul>\n","protected":false},"featured_media":19907,"template":"","meta":{"_acf_changed":false},"product_brand":[],"product_cat":[1001,1015,1011],"product_tag":[],"class_list":{"0":"entry","1":"author-sibegolf","2":"has-excerpt","3":"post-17219","4":"product","5":"type-product","6":"status-publish","7":"has-post-thumbnail","8":"product_cat-greenkeeping-fr","9":"product_cat-delimitation","10":"product_cat-peinture-de-marquage","12":"first","13":"instock","14":"taxable","15":"shipping-taxable","16":"purchasable","17":"product-type-simple"},"acf":[],"_links":{"self":[{"href":"https:\/\/sibeag.ch\/fr\/wp-json\/wp\/v2\/product\/17219","targetHints":{"allow":["GET"]}}],"collection":[{"href":"https:\/\/sibeag.ch\/fr\/wp-json\/wp\/v2\/product"}],"about":[{"href":"https:\/\/sibeag.ch\/fr\/wp-json\/wp\/v2\/types\/product"}],"wp:featuredmedia":[{"embeddable":true,"href":"https:\/\/sibeag.ch\/fr\/wp-json\/wp\/v2\/media\/19907"}],"wp:attachment":[{"href":"https:\/\/sibeag.ch\/fr\/wp-json\/wp\/v2\/media?parent=17219"}],"wp:term":[{"taxonomy":"product_brand","embeddable":true,"href":"https:\/\/sibeag.ch\/fr\/wp-json\/wp\/v2\/product_brand?post=17219"},{"taxonomy":"product_cat","embeddable":true,"href":"https:\/\/sibeag.ch\/fr\/wp-json\/wp\/v2\/product_cat?post=17219"},{"taxonomy":"product_tag","embeddable":true,"href":"https:\/\/sibeag.ch\/fr\/wp-json\/wp\/v2\/product_tag?post=17219"}],"curies":[{"name":"wp","href":"https:\/\/api.w.org\/{rel}","templated":true}]}}