{"id":17222,"date":"2019-01-25T16:17:02","date_gmt":"2019-01-25T16:17:02","guid":{"rendered":"https:\/\/www.sibeag.ch\/shop\/non%20class\u00e9\/tdr-fieldscout-350\/"},"modified":"2026-02-18T16:38:05","modified_gmt":"2026-02-18T15:38:05","slug":"tdr-fieldscout-350","status":"publish","type":"product","link":"https:\/\/sibeag.ch\/fr\/greenkeeping-fr\/outils-de-mesure\/humidite\/tdr-fieldscout-350\/","title":{"rendered":"TDR Fieldscout 350"},"content":{"rendered":"","protected":false},"excerpt":{"rendered":"<p><img decoding=\"async\" class=\"alignright size-medium wp-image-3355 spectrum-logo\" src=\"https:\/\/www.sibeag.ch\/wp-content\/uploads\/Spectrum_no_tag.jpg\" alt=\"Logo Spectrum Technologies\"><\/p>\n<h1>TDR Fieldscout 350<\/h1>\n<p>Le nouveau TDR 350 est \u00e9quip\u00e9 d\u2019un GPS int\u00e9gr\u00e9, thermom\u00e8tre et Bluetooth Il n&rsquo;a jamais \u00e9t\u00e9 plus facile de mesurer humidit\u00e9 et la temp\u00e9rature du sol.<\/p>\n<p>La g\u00e9o-r\u00e9f\u00e9rence est enregistr\u00e9e avec les donn\u00e9es de mesure.<\/p>\n<ul>\n<li>pliable<\/li>\n<li>avec sac de transport<\/li>\n<li>transfert de donn\u00e9es via cl\u00e9 USB ou sans fil via smartphone<\/li>\n<li>compatible avec l&rsquo;application FieldScout<\/li>\n<li>Pointes disponibles s\u00e9par\u00e9ment en longueurs de 3,8 cm, 7,5 cm, 12 cm ou 20 cm<\/li>\n<li>\n<\/li>\n<\/ul>\n","protected":false},"featured_media":10626,"template":"","meta":{"_acf_changed":false},"product_brand":[],"product_cat":[1001,1923,2807],"product_tag":[],"class_list":{"0":"entry","1":"author-sibegolf","2":"has-excerpt","3":"post-17222","4":"product","5":"type-product","6":"status-publish","7":"has-post-thumbnail","8":"product_cat-greenkeeping-fr","9":"product_cat-outils-de-mesure","10":"product_cat-humidite","12":"first","13":"instock","14":"taxable","15":"shipping-taxable","16":"purchasable","17":"product-type-simple"},"acf":[],"_links":{"self":[{"href":"https:\/\/sibeag.ch\/fr\/wp-json\/wp\/v2\/product\/17222","targetHints":{"allow":["GET"]}}],"collection":[{"href":"https:\/\/sibeag.ch\/fr\/wp-json\/wp\/v2\/product"}],"about":[{"href":"https:\/\/sibeag.ch\/fr\/wp-json\/wp\/v2\/types\/product"}],"wp:featuredmedia":[{"embeddable":true,"href":"https:\/\/sibeag.ch\/fr\/wp-json\/wp\/v2\/media\/10626"}],"wp:attachment":[{"href":"https:\/\/sibeag.ch\/fr\/wp-json\/wp\/v2\/media?parent=17222"}],"wp:term":[{"taxonomy":"product_brand","embeddable":true,"href":"https:\/\/sibeag.ch\/fr\/wp-json\/wp\/v2\/product_brand?post=17222"},{"taxonomy":"product_cat","embeddable":true,"href":"https:\/\/sibeag.ch\/fr\/wp-json\/wp\/v2\/product_cat?post=17222"},{"taxonomy":"product_tag","embeddable":true,"href":"https:\/\/sibeag.ch\/fr\/wp-json\/wp\/v2\/product_tag?post=17222"}],"curies":[{"name":"wp","href":"https:\/\/api.w.org\/{rel}","templated":true}]}}