{"id":17223,"date":"2019-01-25T16:17:03","date_gmt":"2019-02-18T22:53:06","guid":{"rendered":"https:\/\/www.sibeag.ch\/shop\/non%20class\u00e9\/protection-de-poteau\/"},"modified":"2024-11-30T09:02:47","modified_gmt":"2024-11-30T08:02:47","slug":"protection-de-poteau","status":"publish","type":"product","link":"https:\/\/sibeag.ch\/fr\/practice-driving-range\/amenagement-equipement\/filets-de-securite\/protection-de-poteau\/","title":{"rendered":"Protection de poteau"},"content":{"rendered":"","protected":false},"excerpt":{"rendered":"<h1>Protection de poteau<\/h1>\n<p>Tapis de s\u00e9curit\u00e9 pour pr\u00e9venir les balles de rebondir d&rsquo;un poteau, d&rsquo;une fa\u00e7ade ou d&rsquo;un arbre.<\/p>\n","protected":false},"featured_media":22328,"template":"","meta":{"_acf_changed":false},"product_brand":[],"product_cat":[964,2772,1103],"product_tag":[2939],"class_list":{"0":"entry","1":"author-sibegolf","2":"has-excerpt","3":"post-17223","4":"product","5":"type-product","6":"status-publish","7":"has-post-thumbnail","8":"product_cat-practice-driving-range","9":"product_cat-amenagement-equipement","10":"product_cat-filets-de-securite","11":"product_tag-sur-demande","13":"first","14":"instock","15":"taxable","16":"shipping-taxable","17":"purchasable","18":"product-type-simple"},"acf":[],"_links":{"self":[{"href":"https:\/\/sibeag.ch\/fr\/wp-json\/wp\/v2\/product\/17223","targetHints":{"allow":["GET"]}}],"collection":[{"href":"https:\/\/sibeag.ch\/fr\/wp-json\/wp\/v2\/product"}],"about":[{"href":"https:\/\/sibeag.ch\/fr\/wp-json\/wp\/v2\/types\/product"}],"wp:featuredmedia":[{"embeddable":true,"href":"https:\/\/sibeag.ch\/fr\/wp-json\/wp\/v2\/media\/22328"}],"wp:attachment":[{"href":"https:\/\/sibeag.ch\/fr\/wp-json\/wp\/v2\/media?parent=17223"}],"wp:term":[{"taxonomy":"product_brand","embeddable":true,"href":"https:\/\/sibeag.ch\/fr\/wp-json\/wp\/v2\/product_brand?post=17223"},{"taxonomy":"product_cat","embeddable":true,"href":"https:\/\/sibeag.ch\/fr\/wp-json\/wp\/v2\/product_cat?post=17223"},{"taxonomy":"product_tag","embeddable":true,"href":"https:\/\/sibeag.ch\/fr\/wp-json\/wp\/v2\/product_tag?post=17223"}],"curies":[{"name":"wp","href":"https:\/\/api.w.org\/{rel}","templated":true}]}}