{"id":17228,"date":"2019-01-25T16:17:33","date_gmt":"2019-02-18T22:53:48","guid":{"rendered":"https:\/\/www.sibeag.ch\/shop\/non%20class\u00e9\/tapis-a-tirer-en-metal-2\/"},"modified":"2019-09-23T11:02:32","modified_gmt":"2019-09-23T11:02:32","slug":"tapis-tirer-metal183-x-183-cm","status":"publish","type":"product","link":"https:\/\/sibeag.ch\/fr\/greenkeeping-fr\/outils-dentretien\/tapis-tirer-metal183-x-183-cm\/","title":{"rendered":"Tapis \u00e0 tirer en m\u00e9tal 183 x 183 cm"},"content":{"rendered":"","protected":false},"excerpt":{"rendered":"<h1>Tapis \u00e0 tirer en m\u00e9tal 183 x 183 cm<\/h1>\n<ul>\n<li>183 x 183 cm<\/li>\n<li>28 kg<\/li>\n<\/ul>\n","protected":false},"featured_media":0,"template":"","meta":{"_acf_changed":false},"product_brand":[],"product_cat":[1001,1025],"product_tag":[],"class_list":{"0":"entry","1":"author-sibegolf","2":"has-excerpt","3":"post-17228","4":"product","5":"type-product","6":"status-publish","7":"product_cat-greenkeeping-fr","8":"product_cat-outils-dentretien","10":"first","11":"instock","12":"taxable","13":"shipping-taxable","14":"purchasable","15":"product-type-simple"},"acf":[],"_links":{"self":[{"href":"https:\/\/sibeag.ch\/fr\/wp-json\/wp\/v2\/product\/17228","targetHints":{"allow":["GET"]}}],"collection":[{"href":"https:\/\/sibeag.ch\/fr\/wp-json\/wp\/v2\/product"}],"about":[{"href":"https:\/\/sibeag.ch\/fr\/wp-json\/wp\/v2\/types\/product"}],"wp:attachment":[{"href":"https:\/\/sibeag.ch\/fr\/wp-json\/wp\/v2\/media?parent=17228"}],"wp:term":[{"taxonomy":"product_brand","embeddable":true,"href":"https:\/\/sibeag.ch\/fr\/wp-json\/wp\/v2\/product_brand?post=17228"},{"taxonomy":"product_cat","embeddable":true,"href":"https:\/\/sibeag.ch\/fr\/wp-json\/wp\/v2\/product_cat?post=17228"},{"taxonomy":"product_tag","embeddable":true,"href":"https:\/\/sibeag.ch\/fr\/wp-json\/wp\/v2\/product_tag?post=17228"}],"curies":[{"name":"wp","href":"https:\/\/api.w.org\/{rel}","templated":true}]}}