{"id":17230,"date":"2019-01-25T16:17:36","date_gmt":"2019-01-25T16:17:36","guid":{"rendered":"https:\/\/www.sibeag.ch\/shop\/non%20class\u00e9\/reflecteur-laser-clic\/"},"modified":"2026-02-18T16:38:12","modified_gmt":"2026-02-18T15:38:12","slug":"reflecteur-laser-clic","status":"publish","type":"product","link":"https:\/\/sibeag.ch\/fr\/parcours-de-golf\/green-fr\/reflecteurs\/reflecteur-laser-clic\/","title":{"rendered":"R\u00e9flecteur laser \u00abclic\u00bb"},"content":{"rendered":"","protected":false},"excerpt":{"rendered":"<h1>R\u00e9flecteur laser \u00abclic\u00bb<\/h1>\n<p>Gr\u00e2ce \u00e0 la syst\u00e8me de verrouillage a clic, vous n&rsquo;avez plus besoin de d\u00e9visser le r\u00e9flecteur. Ce r\u00e9flecteur vous permet de changer les drapeaux en quelques secondes.<\/p>\n<ul>\n<li>compatible avec tous les hampes de drapeaux courants<\/li>\n<\/ul>\n","protected":false},"featured_media":16369,"template":"","meta":{"_acf_changed":false},"product_brand":[],"product_cat":[961,971,1102],"product_tag":[],"class_list":{"0":"entry","1":"author-sibegolf","2":"has-excerpt","3":"post-17230","4":"product","5":"type-product","6":"status-publish","7":"has-post-thumbnail","8":"product_cat-parcours-de-golf","9":"product_cat-green-fr","10":"product_cat-reflecteurs","12":"first","13":"instock","14":"taxable","15":"shipping-taxable","16":"purchasable","17":"product-type-simple"},"acf":[],"_links":{"self":[{"href":"https:\/\/sibeag.ch\/fr\/wp-json\/wp\/v2\/product\/17230","targetHints":{"allow":["GET"]}}],"collection":[{"href":"https:\/\/sibeag.ch\/fr\/wp-json\/wp\/v2\/product"}],"about":[{"href":"https:\/\/sibeag.ch\/fr\/wp-json\/wp\/v2\/types\/product"}],"wp:featuredmedia":[{"embeddable":true,"href":"https:\/\/sibeag.ch\/fr\/wp-json\/wp\/v2\/media\/16369"}],"wp:attachment":[{"href":"https:\/\/sibeag.ch\/fr\/wp-json\/wp\/v2\/media?parent=17230"}],"wp:term":[{"taxonomy":"product_brand","embeddable":true,"href":"https:\/\/sibeag.ch\/fr\/wp-json\/wp\/v2\/product_brand?post=17230"},{"taxonomy":"product_cat","embeddable":true,"href":"https:\/\/sibeag.ch\/fr\/wp-json\/wp\/v2\/product_cat?post=17230"},{"taxonomy":"product_tag","embeddable":true,"href":"https:\/\/sibeag.ch\/fr\/wp-json\/wp\/v2\/product_tag?post=17230"}],"curies":[{"name":"wp","href":"https:\/\/api.w.org\/{rel}","templated":true}]}}