{"id":17260,"date":"2019-01-25T16:19:11","date_gmt":"2019-01-25T15:19:11","guid":{"rendered":"https:\/\/www.sibeag.ch\/shop\/non%20class\u00e9\/penetrometre\/"},"modified":"2026-02-18T16:38:45","modified_gmt":"2026-02-18T15:38:45","slug":"penetrometre","status":"publish","type":"product","link":"https:\/\/sibeag.ch\/fr\/greenkeeping-fr\/outils-de-mesure\/resistance-du-sol\/penetrometre\/","title":{"rendered":"P\u00e9n\u00e9trom\u00e8tre"},"content":{"rendered":"","protected":false},"excerpt":{"rendered":"<h1>P\u00e9n\u00e9trom\u00e8tre<\/h1>\n<p>Le p\u00e9n\u00e9trom\u00e8tre permet de d\u00e9terminer la compacit\u00e9 du sol. marquages tous les 10 cm<\/p>\n<ul>\n<li>profondeur d&rsquo;insertion max. de 80 cm<\/li>\n<li>inclus: 2 pointes<\/li>\n<\/ul>\n","protected":false},"featured_media":10444,"template":"","meta":{"_acf_changed":false},"product_brand":[],"product_cat":[1001,1923,2806],"product_tag":[],"class_list":{"0":"entry","1":"author-sibegolf","2":"has-excerpt","3":"post-17260","4":"product","5":"type-product","6":"status-publish","7":"has-post-thumbnail","8":"product_cat-greenkeeping-fr","9":"product_cat-outils-de-mesure","10":"product_cat-resistance-du-sol","12":"first","13":"instock","14":"taxable","15":"shipping-taxable","16":"purchasable","17":"product-type-simple"},"acf":[],"_links":{"self":[{"href":"https:\/\/sibeag.ch\/fr\/wp-json\/wp\/v2\/product\/17260","targetHints":{"allow":["GET"]}}],"collection":[{"href":"https:\/\/sibeag.ch\/fr\/wp-json\/wp\/v2\/product"}],"about":[{"href":"https:\/\/sibeag.ch\/fr\/wp-json\/wp\/v2\/types\/product"}],"wp:featuredmedia":[{"embeddable":true,"href":"https:\/\/sibeag.ch\/fr\/wp-json\/wp\/v2\/media\/10444"}],"wp:attachment":[{"href":"https:\/\/sibeag.ch\/fr\/wp-json\/wp\/v2\/media?parent=17260"}],"wp:term":[{"taxonomy":"product_brand","embeddable":true,"href":"https:\/\/sibeag.ch\/fr\/wp-json\/wp\/v2\/product_brand?post=17260"},{"taxonomy":"product_cat","embeddable":true,"href":"https:\/\/sibeag.ch\/fr\/wp-json\/wp\/v2\/product_cat?post=17260"},{"taxonomy":"product_tag","embeddable":true,"href":"https:\/\/sibeag.ch\/fr\/wp-json\/wp\/v2\/product_tag?post=17260"}],"curies":[{"name":"wp","href":"https:\/\/api.w.org\/{rel}","templated":true}]}}