{"id":17263,"date":"2019-01-25T16:19:15","date_gmt":"2019-01-25T16:19:15","guid":{"rendered":"https:\/\/www.sibeag.ch\/shop\/non%20class\u00e9\/ph-metre\/"},"modified":"2026-02-18T16:38:50","modified_gmt":"2026-02-18T15:38:50","slug":"ph-metre","status":"publish","type":"product","link":"https:\/\/sibeag.ch\/fr\/greenkeeping-fr\/outils-de-mesure\/mesures-de-ph\/ph-metre\/","title":{"rendered":"pH-m\u00e8tre"},"content":{"rendered":"","protected":false},"excerpt":{"rendered":"<h1>pH-m\u00e8tre<\/h1>\n<ul>\n<li>contr\u00f4le de l&rsquo;humidit\u00e9 int\u00e9gr\u00e9<\/li>\n<li>Le r\u00e9sultat de mesure est imm\u00e9diatement affich\u00e9 sur l&rsquo;affichage analogique<\/li>\n<li>\u00e0 mettre dans le sol<\/li>\n<\/ul>\n","protected":false},"featured_media":10446,"template":"","meta":{"_acf_changed":false},"product_brand":[],"product_cat":[1001,1923,2809],"product_tag":[],"class_list":{"0":"entry","1":"author-sibegolf","2":"has-excerpt","3":"post-17263","4":"product","5":"type-product","6":"status-publish","7":"has-post-thumbnail","8":"product_cat-greenkeeping-fr","9":"product_cat-outils-de-mesure","10":"product_cat-mesures-de-ph","12":"first","13":"instock","14":"taxable","15":"shipping-taxable","16":"purchasable","17":"product-type-simple"},"acf":[],"_links":{"self":[{"href":"https:\/\/sibeag.ch\/fr\/wp-json\/wp\/v2\/product\/17263","targetHints":{"allow":["GET"]}}],"collection":[{"href":"https:\/\/sibeag.ch\/fr\/wp-json\/wp\/v2\/product"}],"about":[{"href":"https:\/\/sibeag.ch\/fr\/wp-json\/wp\/v2\/types\/product"}],"wp:featuredmedia":[{"embeddable":true,"href":"https:\/\/sibeag.ch\/fr\/wp-json\/wp\/v2\/media\/10446"}],"wp:attachment":[{"href":"https:\/\/sibeag.ch\/fr\/wp-json\/wp\/v2\/media?parent=17263"}],"wp:term":[{"taxonomy":"product_brand","embeddable":true,"href":"https:\/\/sibeag.ch\/fr\/wp-json\/wp\/v2\/product_brand?post=17263"},{"taxonomy":"product_cat","embeddable":true,"href":"https:\/\/sibeag.ch\/fr\/wp-json\/wp\/v2\/product_cat?post=17263"},{"taxonomy":"product_tag","embeddable":true,"href":"https:\/\/sibeag.ch\/fr\/wp-json\/wp\/v2\/product_tag?post=17263"}],"curies":[{"name":"wp","href":"https:\/\/api.w.org\/{rel}","templated":true}]}}