{"id":17276,"date":"2019-01-25T16:20:03","date_gmt":"2019-01-25T16:20:03","guid":{"rendered":"https:\/\/www.sibeag.ch\/shop\/non%20class\u00e9\/putting-green-12-panneaux\/"},"modified":"2026-02-18T16:39:24","modified_gmt":"2026-02-18T15:39:24","slug":"putting-green-12-panneaux","status":"publish","type":"product","link":"https:\/\/sibeag.ch\/fr\/putting-green-fr\/putting-greens-portables\/putting-green-12-panneaux\/","title":{"rendered":"Putting Green 12 panneaux"},"content":{"rendered":"","protected":false},"excerpt":{"rendered":"<p><img decoding=\"async\" class=\"alignright size-medium wp-image-3355 tourlinks-logo\" src=\"https:\/\/www.sibeag.ch\/wp-content\/uploads\/logo-tourlinks.png\" alt=\"Logo Tour Links\"><\/p>\n<h1>Putting Green 12 panneaux<\/h1>\n<p>Putting Green portable pour des \u00e9v\u00e9nements, \u00e0 la maison ou dans le bureau<\/p>\n<ul>\n<li>121 x 366 cm<\/li>\n<li>avec 2 bogeys<\/li>\n<\/ul>\n","protected":false},"featured_media":10458,"template":"","meta":{"_acf_changed":false},"product_brand":[],"product_cat":[964,1871],"product_tag":[2953],"class_list":{"0":"entry","1":"author-sibegolf","2":"has-excerpt","3":"post-17276","4":"product","5":"type-product","6":"status-publish","7":"has-post-thumbnail","8":"product_cat-practice-driving-range","9":"product_cat-putting-greens-portables","10":"product_tag-tourlinks-fr","12":"first","13":"instock","14":"taxable","15":"shipping-taxable","16":"purchasable","17":"product-type-simple"},"acf":[],"_links":{"self":[{"href":"https:\/\/sibeag.ch\/fr\/wp-json\/wp\/v2\/product\/17276","targetHints":{"allow":["GET"]}}],"collection":[{"href":"https:\/\/sibeag.ch\/fr\/wp-json\/wp\/v2\/product"}],"about":[{"href":"https:\/\/sibeag.ch\/fr\/wp-json\/wp\/v2\/types\/product"}],"wp:featuredmedia":[{"embeddable":true,"href":"https:\/\/sibeag.ch\/fr\/wp-json\/wp\/v2\/media\/10458"}],"wp:attachment":[{"href":"https:\/\/sibeag.ch\/fr\/wp-json\/wp\/v2\/media?parent=17276"}],"wp:term":[{"taxonomy":"product_brand","embeddable":true,"href":"https:\/\/sibeag.ch\/fr\/wp-json\/wp\/v2\/product_brand?post=17276"},{"taxonomy":"product_cat","embeddable":true,"href":"https:\/\/sibeag.ch\/fr\/wp-json\/wp\/v2\/product_cat?post=17276"},{"taxonomy":"product_tag","embeddable":true,"href":"https:\/\/sibeag.ch\/fr\/wp-json\/wp\/v2\/product_tag?post=17276"}],"curies":[{"name":"wp","href":"https:\/\/api.w.org\/{rel}","templated":true}]}}