{"id":17297,"date":"2019-01-25T16:20:00","date_gmt":"2019-01-25T16:20:00","guid":{"rendered":"https:\/\/www.sibeag.ch\/shop\/non%20class\u00e9\/buse-sweeper-junior\/"},"modified":"2026-02-18T16:39:21","modified_gmt":"2026-02-18T15:39:21","slug":"buse-sweeper-5-cm","status":"publish","type":"product","link":"https:\/\/sibeag.ch\/fr\/greenkeeping-fr\/arrosage\/buses\/buse-sweeper-5-cm\/","title":{"rendered":"Buse Sweeper Junior"},"content":{"rendered":"","protected":false},"excerpt":{"rendered":"<p><img decoding=\"async\" class=\"alignright size-medium wp-image-3355 underhill-logo\" src=\"https:\/\/www.sibeag.ch\/wp-content\/uploads\/logo-underhill.png\" alt=\"Logo Underhill\" width=\"112\"><\/p>\n<h1>Buse Sweeper Junior<\/h1>\n<p><span lang=\"de\" tabindex=\"0\">Buses robustes et massive, fabriqu\u00e9es au laiton. Consommation d&rsquo;eau minimale, n\u00e9anmoins puissante. Id\u00e9al pour nettoyer les appareils, les entr\u00e9es et les trottoirs avec une consommation d&rsquo;eau minimale. <\/span><\/p>\n","protected":false},"featured_media":10206,"template":"","meta":{"_acf_changed":false},"product_brand":[],"product_cat":[1001,1083,2792],"product_tag":[],"class_list":{"0":"entry","1":"author-sibegolf","2":"has-excerpt","3":"post-17297","4":"product","5":"type-product","6":"status-publish","7":"has-post-thumbnail","8":"product_cat-greenkeeping-fr","9":"product_cat-arrosage","10":"product_cat-buses","12":"first","13":"instock","14":"taxable","15":"shipping-taxable","16":"purchasable","17":"product-type-simple"},"acf":[],"_links":{"self":[{"href":"https:\/\/sibeag.ch\/fr\/wp-json\/wp\/v2\/product\/17297","targetHints":{"allow":["GET"]}}],"collection":[{"href":"https:\/\/sibeag.ch\/fr\/wp-json\/wp\/v2\/product"}],"about":[{"href":"https:\/\/sibeag.ch\/fr\/wp-json\/wp\/v2\/types\/product"}],"wp:featuredmedia":[{"embeddable":true,"href":"https:\/\/sibeag.ch\/fr\/wp-json\/wp\/v2\/media\/10206"}],"wp:attachment":[{"href":"https:\/\/sibeag.ch\/fr\/wp-json\/wp\/v2\/media?parent=17297"}],"wp:term":[{"taxonomy":"product_brand","embeddable":true,"href":"https:\/\/sibeag.ch\/fr\/wp-json\/wp\/v2\/product_brand?post=17297"},{"taxonomy":"product_cat","embeddable":true,"href":"https:\/\/sibeag.ch\/fr\/wp-json\/wp\/v2\/product_cat?post=17297"},{"taxonomy":"product_tag","embeddable":true,"href":"https:\/\/sibeag.ch\/fr\/wp-json\/wp\/v2\/product_tag?post=17297"}],"curies":[{"name":"wp","href":"https:\/\/api.w.org\/{rel}","templated":true}]}}