{"id":17311,"date":"2019-01-25T15:21:50","date_gmt":"2019-01-25T15:21:50","guid":{"rendered":"https:\/\/www.sibeag.ch\/shop\/non%20class\u00e9\/ramasse-balles-magnum-harvester-3-elements\/"},"modified":"2026-02-18T16:18:45","modified_gmt":"2026-02-18T15:18:45","slug":"ramasse-balles-magnum-harvester-3-elements","status":"publish","type":"product","link":"https:\/\/sibeag.ch\/fr\/practice-driving-range\/ramasse-balles\/ramasse-balles-magnum-harvester\/ramasse-balles-magnum-harvester-3-elements\/","title":{"rendered":"Ramasse balles Magnum Harvester, 3 \u00e9l\u00e9ments"},"content":{"rendered":"","protected":false},"excerpt":{"rendered":"<p><img loading=\"lazy\" decoding=\"async\" class=\"alignright size-medium wp-image-3355\" src=\"https:\/\/www.sibeag.ch\/wp-content\/uploads\/StandardGolf_Logo-300x83.jpg\" alt=\"Logo de Standard Golf\" width=\"112\" height=\"31\"><\/p>\n<h1>Ramasse balles Magnum Harvester, 3 \u00e9l\u00e9ments<\/h1>\n<ul>\n<li>largeur de travail 2.7 m<\/li>\n<li>capacit\u00e9 de 1&rsquo;800 balles (300 balles par corbeille)<\/li>\n<li>poids de 126 kg<\/li>\n<li>peut \u00eatre transform\u00e9 dans un ramasse balles avec 5 \u00e9l\u00e9ments<\/li>\n<\/ul>\n","protected":false},"featured_media":8064,"template":"","meta":{"_acf_changed":false},"product_brand":[2972],"product_cat":[964,1107,1125],"product_tag":[1925,2939],"class_list":{"0":"entry","1":"author-sibegolf","2":"has-excerpt","3":"post-17311","4":"product","5":"type-product","6":"status-publish","7":"has-post-thumbnail","8":"product_brand-standard-golf","9":"product_cat-practice-driving-range","10":"product_cat-ramasse-balles","11":"product_cat-ramasse-balles-magnum-harvester","12":"product_tag-ramasse-balles","13":"product_tag-sur-demande","15":"first","16":"instock","17":"taxable","18":"shipping-taxable","19":"purchasable","20":"product-type-simple"},"acf":[],"_links":{"self":[{"href":"https:\/\/sibeag.ch\/fr\/wp-json\/wp\/v2\/product\/17311","targetHints":{"allow":["GET"]}}],"collection":[{"href":"https:\/\/sibeag.ch\/fr\/wp-json\/wp\/v2\/product"}],"about":[{"href":"https:\/\/sibeag.ch\/fr\/wp-json\/wp\/v2\/types\/product"}],"wp:featuredmedia":[{"embeddable":true,"href":"https:\/\/sibeag.ch\/fr\/wp-json\/wp\/v2\/media\/8064"}],"wp:attachment":[{"href":"https:\/\/sibeag.ch\/fr\/wp-json\/wp\/v2\/media?parent=17311"}],"wp:term":[{"taxonomy":"product_brand","embeddable":true,"href":"https:\/\/sibeag.ch\/fr\/wp-json\/wp\/v2\/product_brand?post=17311"},{"taxonomy":"product_cat","embeddable":true,"href":"https:\/\/sibeag.ch\/fr\/wp-json\/wp\/v2\/product_cat?post=17311"},{"taxonomy":"product_tag","embeddable":true,"href":"https:\/\/sibeag.ch\/fr\/wp-json\/wp\/v2\/product_tag?post=17311"}],"curies":[{"name":"wp","href":"https:\/\/api.w.org\/{rel}","templated":true}]}}