{"id":17321,"date":"2019-01-25T15:22:26","date_gmt":"2019-01-25T14:22:26","guid":{"rendered":"https:\/\/www.sibeag.ch\/shop\/non%20class\u00e9\/accuseed-accuform\/"},"modified":"2026-02-18T16:19:20","modified_gmt":"2026-02-18T15:19:20","slug":"accu-seed-accuform","status":"publish","type":"product","link":"https:\/\/sibeag.ch\/fr\/greenkeeping-fr\/traitement-des-greens\/outils-de-reparation\/accu-seed-accuform\/","title":{"rendered":"AccuSeed Accuform"},"content":{"rendered":"","protected":false},"excerpt":{"rendered":"<p><img loading=\"lazy\" decoding=\"async\" class=\"alignright size-medium wp-image-3355 paraide-logo\" src=\"https:\/\/www.sibeag.ch\/wp-content\/uploads\/ParAide-Logo-50x50.jpg\" alt=\"Logo Par Aide\" width=\"50\" height=\"50\"><\/p>\n<h1>AccuSeed Accuform<\/h1>\n<p>Ressemez encore plus facile et plus rapide! l\u2019outil parfait pour vos t\u00e2ches l\u2019ensemencement sur le Green et le Fairway<\/p>\n<ul>\n<li>r\u00e9cipient de semence int\u00e9gr\u00e9<\/li>\n<li>avec des dents sp\u00e9ciales<\/li>\n<\/ul>\n","protected":false},"featured_media":7901,"template":"","meta":{"_acf_changed":false},"product_brand":[],"product_cat":[1001,1028,2782,1113,1025,2818],"product_tag":[],"class_list":{"0":"entry","1":"author-sibegolf","2":"has-excerpt","3":"post-17321","4":"product","5":"type-product","6":"status-publish","7":"has-post-thumbnail","8":"product_cat-greenkeeping-fr","9":"product_cat-traitement-des-greens","10":"product_cat-outils-densemencement","11":"product_cat-outils-de-reparation","12":"product_cat-outils-dentretien","13":"product_cat-reensemencement","15":"first","16":"instock","17":"taxable","18":"shipping-taxable","19":"purchasable","20":"product-type-simple"},"acf":[],"_links":{"self":[{"href":"https:\/\/sibeag.ch\/fr\/wp-json\/wp\/v2\/product\/17321","targetHints":{"allow":["GET"]}}],"collection":[{"href":"https:\/\/sibeag.ch\/fr\/wp-json\/wp\/v2\/product"}],"about":[{"href":"https:\/\/sibeag.ch\/fr\/wp-json\/wp\/v2\/types\/product"}],"wp:featuredmedia":[{"embeddable":true,"href":"https:\/\/sibeag.ch\/fr\/wp-json\/wp\/v2\/media\/7901"}],"wp:attachment":[{"href":"https:\/\/sibeag.ch\/fr\/wp-json\/wp\/v2\/media?parent=17321"}],"wp:term":[{"taxonomy":"product_brand","embeddable":true,"href":"https:\/\/sibeag.ch\/fr\/wp-json\/wp\/v2\/product_brand?post=17321"},{"taxonomy":"product_cat","embeddable":true,"href":"https:\/\/sibeag.ch\/fr\/wp-json\/wp\/v2\/product_cat?post=17321"},{"taxonomy":"product_tag","embeddable":true,"href":"https:\/\/sibeag.ch\/fr\/wp-json\/wp\/v2\/product_tag?post=17321"}],"curies":[{"name":"wp","href":"https:\/\/api.w.org\/{rel}","templated":true}]}}