{"id":17325,"date":"2019-01-25T15:22:30","date_gmt":"2019-01-25T15:22:30","guid":{"rendered":"https:\/\/www.sibeag.ch\/shop\/non%20class\u00e9\/beche-a-echantillon-de-sol-accuform\/"},"modified":"2026-02-18T16:19:28","modified_gmt":"2026-02-18T15:19:28","slug":"beche-a-echantillon-de-sol-accuform","status":"publish","type":"product","link":"https:\/\/sibeag.ch\/fr\/greenkeeping-fr\/outils-de-mesure\/echantillons-de-sol\/beche-a-echantillon-de-sol-accuform\/","title":{"rendered":"B\u00eache \u00e0 \u00e9chantillon de sol Accuform"},"content":{"rendered":"","protected":false},"excerpt":{"rendered":"<p><img loading=\"lazy\" decoding=\"async\" class=\"alignright size-medium wp-image-3355 paraide-logo\" src=\"https:\/\/www.sibeag.ch\/wp-content\/uploads\/ParAide-Logo-50x50.jpg\" alt=\"Logo Par Aide\" width=\"50\" height=\"50\"><\/p>\n<h1>B\u00eache \u00e0 \u00e9chantillon de sol Accuform<\/h1>\n<ul>\n<li>pour des \u00e9chantillons jusqu&rsquo;\u00e0 15 x 8 x 1 cm (H x L x P)<\/li>\n<li>couvercle \u00e0 charni\u00e8re<\/li>\n<\/ul>\n","protected":false},"featured_media":7573,"template":"","meta":{"_acf_changed":false},"product_brand":[],"product_cat":[1001,1923,1931],"product_tag":[],"class_list":{"0":"entry","1":"author-sibegolf","2":"has-excerpt","3":"post-17325","4":"product","5":"type-product","6":"status-publish","7":"has-post-thumbnail","8":"product_cat-greenkeeping-fr","9":"product_cat-outils-de-mesure","10":"product_cat-echantillons-de-sol","12":"first","13":"instock","14":"taxable","15":"shipping-taxable","16":"purchasable","17":"product-type-simple"},"acf":[],"_links":{"self":[{"href":"https:\/\/sibeag.ch\/fr\/wp-json\/wp\/v2\/product\/17325","targetHints":{"allow":["GET"]}}],"collection":[{"href":"https:\/\/sibeag.ch\/fr\/wp-json\/wp\/v2\/product"}],"about":[{"href":"https:\/\/sibeag.ch\/fr\/wp-json\/wp\/v2\/types\/product"}],"wp:featuredmedia":[{"embeddable":true,"href":"https:\/\/sibeag.ch\/fr\/wp-json\/wp\/v2\/media\/7573"}],"wp:attachment":[{"href":"https:\/\/sibeag.ch\/fr\/wp-json\/wp\/v2\/media?parent=17325"}],"wp:term":[{"taxonomy":"product_brand","embeddable":true,"href":"https:\/\/sibeag.ch\/fr\/wp-json\/wp\/v2\/product_brand?post=17325"},{"taxonomy":"product_cat","embeddable":true,"href":"https:\/\/sibeag.ch\/fr\/wp-json\/wp\/v2\/product_cat?post=17325"},{"taxonomy":"product_tag","embeddable":true,"href":"https:\/\/sibeag.ch\/fr\/wp-json\/wp\/v2\/product_tag?post=17325"}],"curies":[{"name":"wp","href":"https:\/\/api.w.org\/{rel}","templated":true}]}}