{"id":17337,"date":"2019-01-25T15:23:09","date_gmt":"2019-01-25T15:23:09","guid":{"rendered":"https:\/\/www.sibeag.ch\/shop\/non%20class\u00e9\/set-detiquettes-et-magnets\/"},"modified":"2026-02-18T16:20:07","modified_gmt":"2026-02-18T15:20:07","slug":"set-detiquettes-et-magnets","status":"publish","type":"product","link":"https:\/\/sibeag.ch\/fr\/greenkeeping-fr\/equipement-dexploitation\/atelier\/set-detiquettes-et-magnets\/","title":{"rendered":"Set d&rsquo;\u00e9tiquettes et magnets"},"content":{"rendered":"","protected":false},"excerpt":{"rendered":"<p><img loading=\"lazy\" decoding=\"async\" class=\"alignright size-medium wp-image-3355 paraide-logo\" src=\"https:\/\/www.sibeag.ch\/wp-content\/uploads\/ParAide-Logo-50x50.jpg\" alt=\"Logo Par Aide\" width=\"50\" height=\"50\"><\/p>\n<h1>Set d&rsquo;\u00e9tiquettes et magnets<\/h1>\n<ul>\n<li>40 magnets (3.2 x 10.2 cm)<\/li>\n<li>4 feuilles \u00e0 12 \u00e9tiquettes imprim\u00e9es avec termes emplois communs en anglais<\/li>\n<li>4 feuilles \u00e0 12 \u00e9tiquettes sans impression<\/li>\n<\/ul>\n","protected":false},"featured_media":7485,"template":"","meta":{"_acf_changed":false},"product_brand":[],"product_cat":[1001,1026,2781],"product_tag":[],"class_list":{"0":"entry","1":"author-sibegolf","2":"has-excerpt","3":"post-17337","4":"product","5":"type-product","6":"status-publish","7":"has-post-thumbnail","8":"product_cat-greenkeeping-fr","9":"product_cat-equipement-dexploitation","10":"product_cat-atelier","12":"first","13":"instock","14":"taxable","15":"shipping-taxable","16":"purchasable","17":"product-type-simple"},"acf":[],"_links":{"self":[{"href":"https:\/\/sibeag.ch\/fr\/wp-json\/wp\/v2\/product\/17337","targetHints":{"allow":["GET"]}}],"collection":[{"href":"https:\/\/sibeag.ch\/fr\/wp-json\/wp\/v2\/product"}],"about":[{"href":"https:\/\/sibeag.ch\/fr\/wp-json\/wp\/v2\/types\/product"}],"wp:featuredmedia":[{"embeddable":true,"href":"https:\/\/sibeag.ch\/fr\/wp-json\/wp\/v2\/media\/7485"}],"wp:attachment":[{"href":"https:\/\/sibeag.ch\/fr\/wp-json\/wp\/v2\/media?parent=17337"}],"wp:term":[{"taxonomy":"product_brand","embeddable":true,"href":"https:\/\/sibeag.ch\/fr\/wp-json\/wp\/v2\/product_brand?post=17337"},{"taxonomy":"product_cat","embeddable":true,"href":"https:\/\/sibeag.ch\/fr\/wp-json\/wp\/v2\/product_cat?post=17337"},{"taxonomy":"product_tag","embeddable":true,"href":"https:\/\/sibeag.ch\/fr\/wp-json\/wp\/v2\/product_tag?post=17337"}],"curies":[{"name":"wp","href":"https:\/\/api.w.org\/{rel}","templated":true}]}}