{"id":17361,"date":"2019-01-25T15:23:49","date_gmt":"2019-01-25T15:23:49","guid":{"rendered":"https:\/\/www.sibeag.ch\/shop\/non%20class\u00e9\/filet-de-protection-greenkeeper\/"},"modified":"2026-02-18T16:20:29","modified_gmt":"2026-02-18T15:20:29","slug":"filet-de-protection-greenkeeper","status":"publish","type":"product","link":"https:\/\/sibeag.ch\/fr\/greenkeeping-fr\/equipement-dexploitation\/securite\/filet-de-protection-greenkeeper\/","title":{"rendered":"Filet de protection \u00ab\u00a0Greenkeeper\u00a0\u00bb"},"content":{"rendered":"","protected":false},"excerpt":{"rendered":"<p><img loading=\"lazy\" decoding=\"async\" class=\"alignright size-medium wp-image-3355 paraide-logo\" src=\"https:\/\/www.sibeag.ch\/wp-content\/uploads\/ParAide-Logo-50x50.jpg\" alt=\"Logo Par Aide\" width=\"50\" height=\"50\"><\/p>\n<h1>Filet de protection \u00ab\u00a0Greenkeeper\u00a0\u00bb<\/h1>\n<p>Ce filet vous prot\u00e8ge o\u00f9 il pourrait devenir dangereux pendant le jeu. Il est mis en place en quelques secondes. Le filet est orn\u00e9 d\u2019un contour ultra visible jaune.<\/p>\n<ul>\n<li>Dimensions 2.0 x 1.8 m (H x L)<\/li>\n<li>avec deux pointes<\/li>\n<\/ul>\n","protected":false},"featured_media":11253,"template":"","meta":{"_acf_changed":false},"product_brand":[],"product_cat":[1001,1026,1017],"product_tag":[],"class_list":{"0":"entry","1":"author-sibegolf","2":"has-excerpt","3":"post-17361","4":"product","5":"type-product","6":"status-publish","7":"has-post-thumbnail","8":"product_cat-greenkeeping-fr","9":"product_cat-equipement-dexploitation","10":"product_cat-securite","12":"first","13":"instock","14":"taxable","15":"shipping-taxable","16":"purchasable","17":"product-type-simple"},"acf":[],"_links":{"self":[{"href":"https:\/\/sibeag.ch\/fr\/wp-json\/wp\/v2\/product\/17361","targetHints":{"allow":["GET"]}}],"collection":[{"href":"https:\/\/sibeag.ch\/fr\/wp-json\/wp\/v2\/product"}],"about":[{"href":"https:\/\/sibeag.ch\/fr\/wp-json\/wp\/v2\/types\/product"}],"wp:featuredmedia":[{"embeddable":true,"href":"https:\/\/sibeag.ch\/fr\/wp-json\/wp\/v2\/media\/11253"}],"wp:attachment":[{"href":"https:\/\/sibeag.ch\/fr\/wp-json\/wp\/v2\/media?parent=17361"}],"wp:term":[{"taxonomy":"product_brand","embeddable":true,"href":"https:\/\/sibeag.ch\/fr\/wp-json\/wp\/v2\/product_brand?post=17361"},{"taxonomy":"product_cat","embeddable":true,"href":"https:\/\/sibeag.ch\/fr\/wp-json\/wp\/v2\/product_cat?post=17361"},{"taxonomy":"product_tag","embeddable":true,"href":"https:\/\/sibeag.ch\/fr\/wp-json\/wp\/v2\/product_tag?post=17361"}],"curies":[{"name":"wp","href":"https:\/\/api.w.org\/{rel}","templated":true}]}}