{"id":17380,"date":"2019-01-25T16:27:48","date_gmt":"2019-01-25T16:27:48","guid":{"rendered":"https:\/\/www.sibeag.ch\/shop\/non%20class\u00e9\/elevateur-2-1-m\/"},"modified":"2026-02-18T16:41:23","modified_gmt":"2026-02-18T15:41:23","slug":"elevateur-2-1-m","status":"publish","type":"product","link":"https:\/\/sibeag.ch\/fr\/practice-driving-range\/systeme-de-gestion-de-balles\/elevateurs\/elevateur-2-1-m\/","title":{"rendered":"\u00c9l\u00e9vateur 2.1 m"},"content":{"rendered":"","protected":false},"excerpt":{"rendered":"<p><img decoding=\"async\" src=\"https:\/\/www.sibeag.ch\/wp-content\/uploads\/range-servant-logo.jpg\" alt=\"Logo Range Servant\" class=\"alignright size-medium wp-image-3355 range-servant-logo\"><\/p>\n<h1>\u00c9l\u00e9vateur 2.1 m<\/h1>\n<\/p>\n<ul>\n<li>bo\u00eetier \u00e9lectronique de gestion et capteurs de protection de surcapacit\u00e9 inclus<\/li>\n<\/ul>\n","protected":false},"featured_media":10836,"template":"","meta":{"_acf_changed":false},"product_brand":[],"product_cat":[964,1128],"product_tag":[2939],"class_list":{"0":"entry","1":"author-sibegolf","2":"has-excerpt","3":"post-17380","4":"product","5":"type-product","6":"status-publish","7":"has-post-thumbnail","8":"product_cat-practice-driving-range","9":"product_cat-elevateurs","10":"product_tag-sur-demande","12":"first","13":"instock","14":"taxable","15":"shipping-taxable","16":"purchasable","17":"product-type-simple"},"acf":[],"_links":{"self":[{"href":"https:\/\/sibeag.ch\/fr\/wp-json\/wp\/v2\/product\/17380","targetHints":{"allow":["GET"]}}],"collection":[{"href":"https:\/\/sibeag.ch\/fr\/wp-json\/wp\/v2\/product"}],"about":[{"href":"https:\/\/sibeag.ch\/fr\/wp-json\/wp\/v2\/types\/product"}],"wp:featuredmedia":[{"embeddable":true,"href":"https:\/\/sibeag.ch\/fr\/wp-json\/wp\/v2\/media\/10836"}],"wp:attachment":[{"href":"https:\/\/sibeag.ch\/fr\/wp-json\/wp\/v2\/media?parent=17380"}],"wp:term":[{"taxonomy":"product_brand","embeddable":true,"href":"https:\/\/sibeag.ch\/fr\/wp-json\/wp\/v2\/product_brand?post=17380"},{"taxonomy":"product_cat","embeddable":true,"href":"https:\/\/sibeag.ch\/fr\/wp-json\/wp\/v2\/product_cat?post=17380"},{"taxonomy":"product_tag","embeddable":true,"href":"https:\/\/sibeag.ch\/fr\/wp-json\/wp\/v2\/product_tag?post=17380"}],"curies":[{"name":"wp","href":"https:\/\/api.w.org\/{rel}","templated":true}]}}