{"id":17385,"date":"2019-01-25T16:28:22","date_gmt":"2019-01-25T16:28:22","guid":{"rendered":"https:\/\/www.sibeag.ch\/shop\/non%20class\u00e9\/corne-de-brume-a-gaz-pour-arret-de-jeu\/"},"modified":"2026-02-18T16:41:33","modified_gmt":"2026-02-18T15:41:33","slug":"corne-de-brume-a-gaz-pour-arret-de-jeu","status":"publish","type":"product","link":"https:\/\/sibeag.ch\/fr\/club-house\/divers-fr\/corne-de-brume-a-gaz-pour-arret-de-jeu\/","title":{"rendered":"Corne de brume \u00e0 gaz pour arr\u00eat de jeu"},"content":{"rendered":"","protected":false},"excerpt":{"rendered":"<h1>Corne de brume \u00e0 gaz pour arr\u00eat de jeu<\/h1>\n","protected":false},"featured_media":25016,"template":"","meta":{"_acf_changed":false},"product_brand":[],"product_cat":[962,1053],"product_tag":[],"class_list":{"0":"entry","1":"author-sibegolf","2":"has-excerpt","3":"post-17385","4":"product","5":"type-product","6":"status-publish","7":"has-post-thumbnail","8":"product_cat-club-house","9":"product_cat-divers-fr","11":"first","12":"instock","13":"taxable","14":"shipping-taxable","15":"purchasable","16":"product-type-simple"},"acf":[],"_links":{"self":[{"href":"https:\/\/sibeag.ch\/fr\/wp-json\/wp\/v2\/product\/17385","targetHints":{"allow":["GET"]}}],"collection":[{"href":"https:\/\/sibeag.ch\/fr\/wp-json\/wp\/v2\/product"}],"about":[{"href":"https:\/\/sibeag.ch\/fr\/wp-json\/wp\/v2\/types\/product"}],"wp:featuredmedia":[{"embeddable":true,"href":"https:\/\/sibeag.ch\/fr\/wp-json\/wp\/v2\/media\/25016"}],"wp:attachment":[{"href":"https:\/\/sibeag.ch\/fr\/wp-json\/wp\/v2\/media?parent=17385"}],"wp:term":[{"taxonomy":"product_brand","embeddable":true,"href":"https:\/\/sibeag.ch\/fr\/wp-json\/wp\/v2\/product_brand?post=17385"},{"taxonomy":"product_cat","embeddable":true,"href":"https:\/\/sibeag.ch\/fr\/wp-json\/wp\/v2\/product_cat?post=17385"},{"taxonomy":"product_tag","embeddable":true,"href":"https:\/\/sibeag.ch\/fr\/wp-json\/wp\/v2\/product_tag?post=17385"}],"curies":[{"name":"wp","href":"https:\/\/api.w.org\/{rel}","templated":true}]}}