{"id":17418,"date":"2019-01-25T16:31:31","date_gmt":"2019-02-19T09:18:14","guid":{"rendered":"https:\/\/www.sibeag.ch\/shop\/non%20class\u00e9\/licence-specconnect-pour-1-an\/"},"modified":"2024-11-30T09:30:33","modified_gmt":"2024-11-30T08:30:33","slug":"licence-specconnect-1-an","status":"publish","type":"product","link":"https:\/\/sibeag.ch\/fr\/greenkeeping-fr\/outils-de-mesure\/humidite\/licence-specconnect-1-an\/","title":{"rendered":"Licence SpecConnect pour 1 an"},"content":{"rendered":"","protected":false},"excerpt":{"rendered":"<p><img decoding=\"async\" class=\"alignright size-medium wp-image-3355 spectrum-logo\" src=\"https:\/\/www.sibeag.ch\/wp-content\/uploads\/Spectrum_no_tag.jpg\" alt=\"Logo Spectrum Technologies\"><\/p>\n<h1>Licence SpecConnect pour 1 an<\/h1>\n<p>Collectez et analysez plusieurs points de donn\u00e9es avec les appareils de Spectrum Technologies. Les donn\u00e9es sont enr\u00e9gist\u00e9es dans la cloud et peuvent \u00eatre envoy\u00e9 par bluetooth \u00e0 un appareil iOS ou Android. Un logiciel en ligne vous aide \u00e0 \u00e9valuer les mesures<\/p>\n<ul>\n<li>1 an d&rsquo;abonnement pour 1 appareil<\/li>\n<\/ul>\n","protected":false},"featured_media":10694,"template":"","meta":{"_acf_changed":false},"product_brand":[],"product_cat":[1001,1923,2807],"product_tag":[],"class_list":{"0":"entry","1":"author-sibegolf","2":"has-excerpt","3":"post-17418","4":"product","5":"type-product","6":"status-publish","7":"has-post-thumbnail","8":"product_cat-greenkeeping-fr","9":"product_cat-outils-de-mesure","10":"product_cat-humidite","12":"first","13":"instock","14":"taxable","15":"shipping-taxable","16":"purchasable","17":"product-type-simple"},"acf":[],"_links":{"self":[{"href":"https:\/\/sibeag.ch\/fr\/wp-json\/wp\/v2\/product\/17418","targetHints":{"allow":["GET"]}}],"collection":[{"href":"https:\/\/sibeag.ch\/fr\/wp-json\/wp\/v2\/product"}],"about":[{"href":"https:\/\/sibeag.ch\/fr\/wp-json\/wp\/v2\/types\/product"}],"wp:featuredmedia":[{"embeddable":true,"href":"https:\/\/sibeag.ch\/fr\/wp-json\/wp\/v2\/media\/10694"}],"wp:attachment":[{"href":"https:\/\/sibeag.ch\/fr\/wp-json\/wp\/v2\/media?parent=17418"}],"wp:term":[{"taxonomy":"product_brand","embeddable":true,"href":"https:\/\/sibeag.ch\/fr\/wp-json\/wp\/v2\/product_brand?post=17418"},{"taxonomy":"product_cat","embeddable":true,"href":"https:\/\/sibeag.ch\/fr\/wp-json\/wp\/v2\/product_cat?post=17418"},{"taxonomy":"product_tag","embeddable":true,"href":"https:\/\/sibeag.ch\/fr\/wp-json\/wp\/v2\/product_tag?post=17418"}],"curies":[{"name":"wp","href":"https:\/\/api.w.org\/{rel}","templated":true}]}}