{"id":17431,"date":"2019-01-25T14:50:08","date_gmt":"2019-01-25T14:50:08","guid":{"rendered":"https:\/\/www.sibeag.ch\/shop\/non%20class\u00e9\/horloge-atomique-argent\/"},"modified":"2026-02-18T16:15:59","modified_gmt":"2026-02-18T15:15:59","slug":"horloge-atomique-argent","status":"publish","type":"product","link":"https:\/\/sibeag.ch\/fr\/club-house\/horloges\/horloge-atomique-argent\/","title":{"rendered":"Horloge atomique, argent"},"content":{"rendered":"","protected":false},"excerpt":{"rendered":"<p><img loading=\"lazy\" decoding=\"async\" class=\"alignright size-medium wp-image-3355\" src=\"https:\/\/www.sibeag.ch\/wp-content\/uploads\/StandardGolf_Logo-300x83.jpg\" alt=\"Logo Standard Golf\" width=\"112\" height=\"31\"><\/p>\n<h1>Horloge atomique, argent<\/h1>\n<p>Cette horloge peut \u00eatre fix\u00e9e sur le chevalet de Standard Golf. En plus, vous pouvez la fixer sur un mur.<\/p>\n<ul>\n<li>45.7 cm de diam\u00e8tre<\/li>\n<li>thermom\u00e8tre et hydrom\u00e8tre int\u00e9gr\u00e9<\/li>\n<li>r\u00e9sistant aux intemp\u00e9ries<\/li>\n<li>argent<\/li>\n<\/ul>\n","protected":false},"featured_media":8028,"template":"","meta":{"_acf_changed":false},"product_brand":[2972],"product_cat":[962,1069],"product_tag":[],"class_list":{"0":"entry","1":"author-sibegolf","2":"has-excerpt","3":"post-17431","4":"product","5":"type-product","6":"status-publish","7":"has-post-thumbnail","8":"product_brand-standard-golf","9":"product_cat-club-house","10":"product_cat-horloges","12":"first","13":"instock","14":"taxable","15":"shipping-taxable","16":"purchasable","17":"product-type-simple"},"acf":[],"_links":{"self":[{"href":"https:\/\/sibeag.ch\/fr\/wp-json\/wp\/v2\/product\/17431","targetHints":{"allow":["GET"]}}],"collection":[{"href":"https:\/\/sibeag.ch\/fr\/wp-json\/wp\/v2\/product"}],"about":[{"href":"https:\/\/sibeag.ch\/fr\/wp-json\/wp\/v2\/types\/product"}],"wp:featuredmedia":[{"embeddable":true,"href":"https:\/\/sibeag.ch\/fr\/wp-json\/wp\/v2\/media\/8028"}],"wp:attachment":[{"href":"https:\/\/sibeag.ch\/fr\/wp-json\/wp\/v2\/media?parent=17431"}],"wp:term":[{"taxonomy":"product_brand","embeddable":true,"href":"https:\/\/sibeag.ch\/fr\/wp-json\/wp\/v2\/product_brand?post=17431"},{"taxonomy":"product_cat","embeddable":true,"href":"https:\/\/sibeag.ch\/fr\/wp-json\/wp\/v2\/product_cat?post=17431"},{"taxonomy":"product_tag","embeddable":true,"href":"https:\/\/sibeag.ch\/fr\/wp-json\/wp\/v2\/product_tag?post=17431"}],"curies":[{"name":"wp","href":"https:\/\/api.w.org\/{rel}","templated":true}]}}