{"id":17432,"date":"2019-01-25T14:50:13","date_gmt":"2019-01-25T14:50:13","guid":{"rendered":"https:\/\/www.sibeag.ch\/shop\/non%20class\u00e9\/beche-a-echantillon-de-sol\/"},"modified":"2026-02-18T16:16:00","modified_gmt":"2026-02-18T15:16:00","slug":"beche-a-echantillon-de-sol","status":"publish","type":"product","link":"https:\/\/sibeag.ch\/fr\/greenkeeping-fr\/outils-de-mesure\/echantillons-de-sol\/beche-a-echantillon-de-sol\/","title":{"rendered":"B\u00eache \u00e0 \u00e9chantillon de sol"},"content":{"rendered":"","protected":false},"excerpt":{"rendered":"<p><img loading=\"lazy\" decoding=\"async\" class=\"alignright size-full wp-image-184\" src=\"https:\/\/www.sibeag.ch\/wp-content\/uploads\/Standard-Golf-Logo.jpg\" alt=\"Standard Golf Logo\" width=\"112\" height=\"30\"><\/p>\n<h1>B\u00eache \u00e0 \u00e9chantillon de sol<\/h1>\n<ul>\n<li>Pour une analyse simple du profil du sol<\/li>\n<li>dimensions des \u00e9chantillons: 20 x 10 x 2 cm (H x L x P)<\/li>\n<li>en acier<\/li>\n<\/ul>\n","protected":false},"featured_media":8844,"template":"","meta":{"_acf_changed":false},"product_brand":[2972],"product_cat":[1001,1923,1931],"product_tag":[],"class_list":{"0":"entry","1":"author-sibegolf","2":"has-excerpt","3":"post-17432","4":"product","5":"type-product","6":"status-publish","7":"has-post-thumbnail","8":"product_brand-standard-golf","9":"product_cat-greenkeeping-fr","10":"product_cat-outils-de-mesure","11":"product_cat-echantillons-de-sol","13":"first","14":"instock","15":"taxable","16":"shipping-taxable","17":"purchasable","18":"product-type-simple"},"acf":[],"_links":{"self":[{"href":"https:\/\/sibeag.ch\/fr\/wp-json\/wp\/v2\/product\/17432","targetHints":{"allow":["GET"]}}],"collection":[{"href":"https:\/\/sibeag.ch\/fr\/wp-json\/wp\/v2\/product"}],"about":[{"href":"https:\/\/sibeag.ch\/fr\/wp-json\/wp\/v2\/types\/product"}],"wp:featuredmedia":[{"embeddable":true,"href":"https:\/\/sibeag.ch\/fr\/wp-json\/wp\/v2\/media\/8844"}],"wp:attachment":[{"href":"https:\/\/sibeag.ch\/fr\/wp-json\/wp\/v2\/media?parent=17432"}],"wp:term":[{"taxonomy":"product_brand","embeddable":true,"href":"https:\/\/sibeag.ch\/fr\/wp-json\/wp\/v2\/product_brand?post=17432"},{"taxonomy":"product_cat","embeddable":true,"href":"https:\/\/sibeag.ch\/fr\/wp-json\/wp\/v2\/product_cat?post=17432"},{"taxonomy":"product_tag","embeddable":true,"href":"https:\/\/sibeag.ch\/fr\/wp-json\/wp\/v2\/product_tag?post=17432"}],"curies":[{"name":"wp","href":"https:\/\/api.w.org\/{rel}","templated":true}]}}