{"id":17441,"date":"2019-01-25T14:50:47","date_gmt":"2019-01-25T14:50:47","guid":{"rendered":"https:\/\/www.sibeag.ch\/shop\/non%20class\u00e9\/balai-maximum-71-cm\/"},"modified":"2026-02-18T16:16:15","modified_gmt":"2026-02-18T15:16:15","slug":"balai-magnum-maximum-71-cm","status":"publish","type":"product","link":"https:\/\/sibeag.ch\/fr\/greenkeeping-fr\/outils-dentretien\/balai-magnum-maximum-71-cm\/","title":{"rendered":"Balai \u00abMaximum\u00bb 71 cm"},"content":{"rendered":"","protected":false},"excerpt":{"rendered":"<p><img loading=\"lazy\" decoding=\"async\" class=\"alignright size-full wp-image-184\" src=\"https:\/\/www.sibeag.ch\/wp-content\/uploads\/Standard-Golf-Logo.jpg\" alt=\"Standard Golf Logo\" width=\"112\" height=\"30\"><\/p>\n<h1>Balai \u00abMaximum\u00bb 71 cm<\/h1>\n<p>Le balai Magnum maximum est \u00e9quip\u00e9 de deux rangs de brosses. Cela vous permet de d\u00e9monter un rang de brosses pour une brosse plus douce.<\/p>\n<ul>\n<li>T\u00eate de balai en aluminium<\/li>\n<li>avec 2 rangs de poils rempla\u00e7ables<\/li>\n<li>manche incurv\u00e9 de fa\u00e7on ergonomique, 146 cm de long<\/li>\n<\/ul>\n","protected":false},"featured_media":8108,"template":"","meta":{"_acf_changed":false},"product_brand":[2972],"product_cat":[1001,1025],"product_tag":[],"class_list":{"0":"entry","1":"author-sibegolf","2":"has-excerpt","3":"post-17441","4":"product","5":"type-product","6":"status-publish","7":"has-post-thumbnail","8":"product_brand-standard-golf","9":"product_cat-greenkeeping-fr","10":"product_cat-outils-dentretien","11":"product_shipping_class-objets-encombrants","13":"first","14":"instock","15":"taxable","16":"shipping-taxable","17":"purchasable","18":"product-type-simple"},"acf":[],"_links":{"self":[{"href":"https:\/\/sibeag.ch\/fr\/wp-json\/wp\/v2\/product\/17441","targetHints":{"allow":["GET"]}}],"collection":[{"href":"https:\/\/sibeag.ch\/fr\/wp-json\/wp\/v2\/product"}],"about":[{"href":"https:\/\/sibeag.ch\/fr\/wp-json\/wp\/v2\/types\/product"}],"wp:featuredmedia":[{"embeddable":true,"href":"https:\/\/sibeag.ch\/fr\/wp-json\/wp\/v2\/media\/8108"}],"wp:attachment":[{"href":"https:\/\/sibeag.ch\/fr\/wp-json\/wp\/v2\/media?parent=17441"}],"wp:term":[{"taxonomy":"product_brand","embeddable":true,"href":"https:\/\/sibeag.ch\/fr\/wp-json\/wp\/v2\/product_brand?post=17441"},{"taxonomy":"product_cat","embeddable":true,"href":"https:\/\/sibeag.ch\/fr\/wp-json\/wp\/v2\/product_cat?post=17441"},{"taxonomy":"product_tag","embeddable":true,"href":"https:\/\/sibeag.ch\/fr\/wp-json\/wp\/v2\/product_tag?post=17441"}],"curies":[{"name":"wp","href":"https:\/\/api.w.org\/{rel}","templated":true}]}}