{"id":17452,"date":"2019-01-25T14:51:10","date_gmt":"2019-01-25T14:51:10","guid":{"rendered":"https:\/\/www.sibeag.ch\/shop\/non%20class\u00e9\/point-dancrage-rond\/"},"modified":"2026-02-18T16:16:42","modified_gmt":"2026-02-18T15:16:42","slug":"point-dancrage-rond","status":"publish","type":"product","link":"https:\/\/sibeag.ch\/fr\/parcours-de-golf\/fairway-fr\/marques-de-distance\/marqueurs-de-distance\/pieces-detachees-accessoires-pour-marqueurs-de-distance\/point-dancrage-rond\/","title":{"rendered":"Point d&rsquo;ancrage rond"},"content":{"rendered":"","protected":false},"excerpt":{"rendered":"<p><img loading=\"lazy\" decoding=\"async\" class=\"alignright size-full wp-image-184\" src=\"https:\/\/www.sibeag.ch\/wp-content\/uploads\/Standard-Golf-Logo.jpg\" alt=\"Standard Golf Logo\" width=\"112\" height=\"30\"><\/p>\n<h1>Point d&rsquo;ancrage rond<\/h1>\n<p>Ces points d&rsquo;ancrage sont n\u00e9cessaires pour positionner les marqueurs d&rsquo;obstacle et les marqueurs de distance. Lors de la tonte, les marqueurs peuvent \u00eatre enlev\u00e9s puis replac\u00e9s dans les points d&rsquo;ancrage<\/p>\n<ul>\n<li>18 cm de hauteur<\/li>\n<li>3.8 cm de diam\u00e8tre<\/li>\n<li>en plastique<\/li>\n<\/ul>\n","protected":false},"featured_media":8120,"template":"","meta":{"_acf_changed":false},"product_brand":[2972],"product_cat":[961,969,990,1047,1049],"product_tag":[],"class_list":{"0":"entry","1":"author-sibegolf","2":"has-excerpt","3":"post-17452","4":"product","5":"type-product","6":"status-publish","7":"has-post-thumbnail","8":"product_brand-standard-golf","9":"product_cat-parcours-de-golf","10":"product_cat-fairway-fr","11":"product_cat-marques-de-distance","12":"product_cat-pieces-detachees-accessoires-pour-marqueurs-de-distance","13":"product_cat-marqueurs-dobstacles","15":"first","16":"instock","17":"taxable","18":"shipping-taxable","19":"purchasable","20":"product-type-simple"},"acf":[],"_links":{"self":[{"href":"https:\/\/sibeag.ch\/fr\/wp-json\/wp\/v2\/product\/17452","targetHints":{"allow":["GET"]}}],"collection":[{"href":"https:\/\/sibeag.ch\/fr\/wp-json\/wp\/v2\/product"}],"about":[{"href":"https:\/\/sibeag.ch\/fr\/wp-json\/wp\/v2\/types\/product"}],"wp:featuredmedia":[{"embeddable":true,"href":"https:\/\/sibeag.ch\/fr\/wp-json\/wp\/v2\/media\/8120"}],"wp:attachment":[{"href":"https:\/\/sibeag.ch\/fr\/wp-json\/wp\/v2\/media?parent=17452"}],"wp:term":[{"taxonomy":"product_brand","embeddable":true,"href":"https:\/\/sibeag.ch\/fr\/wp-json\/wp\/v2\/product_brand?post=17452"},{"taxonomy":"product_cat","embeddable":true,"href":"https:\/\/sibeag.ch\/fr\/wp-json\/wp\/v2\/product_cat?post=17452"},{"taxonomy":"product_tag","embeddable":true,"href":"https:\/\/sibeag.ch\/fr\/wp-json\/wp\/v2\/product_tag?post=17452"}],"curies":[{"name":"wp","href":"https:\/\/api.w.org\/{rel}","templated":true}]}}