{"id":17454,"date":"2019-01-25T14:51:15","date_gmt":"2019-01-25T14:51:15","guid":{"rendered":"https:\/\/www.sibeag.ch\/shop\/non%20class\u00e9\/couvercle-de-bogey-oe-10-8-cm-en-acier\/"},"modified":"2026-02-18T16:16:48","modified_gmt":"2026-02-18T15:16:48","slug":"couvercle-de-bogey-o-10-8-cm-acier","status":"publish","type":"product","link":"https:\/\/sibeag.ch\/fr\/parcours-de-golf\/green-fr\/bogeys-accessoires\/couvercle-de-bogey-o-10-8-cm-acier\/","title":{"rendered":"Couvercle de bogey \u00f8 10.8 cm, en acier"},"content":{"rendered":"","protected":false},"excerpt":{"rendered":"<p><img loading=\"lazy\" decoding=\"async\" class=\"alignright size-full wp-image-184\" src=\"https:\/\/www.sibeag.ch\/wp-content\/uploads\/Standard-Golf-Logo.jpg\" alt=\"Standard Golf Logo\" width=\"112\" height=\"30\"><\/p>\n<h1>Couvercle de bogey \u00f8 10.8 cm, en acier<\/h1>\n<p>Le couvercle se met sur le dessus du bogey, s\u2019ajuste \u00e0 ras du vert. Cela permet de prot\u00e9ger les bogey contre les engrais et la salet\u00e9.<\/p>\n<ul>\n<li>2.5 cm de hauteur<\/li>\n<li>10.8 cm de diam\u00e8tre<\/li>\n<li>vert<\/li>\n<li>en acier au rev\u00eatement par poudre<\/li>\n<\/ul>\n","protected":false},"featured_media":8178,"template":"","meta":{"_acf_changed":false},"product_brand":[2972],"product_cat":[1029],"product_tag":[],"class_list":{"0":"entry","1":"author-sibegolf","2":"has-excerpt","3":"post-17454","4":"product","5":"type-product","6":"status-publish","7":"has-post-thumbnail","8":"product_brand-standard-golf","9":"product_cat-bogeys-accessoires","11":"first","12":"instock","13":"taxable","14":"shipping-taxable","15":"purchasable","16":"product-type-simple"},"acf":[],"_links":{"self":[{"href":"https:\/\/sibeag.ch\/fr\/wp-json\/wp\/v2\/product\/17454","targetHints":{"allow":["GET"]}}],"collection":[{"href":"https:\/\/sibeag.ch\/fr\/wp-json\/wp\/v2\/product"}],"about":[{"href":"https:\/\/sibeag.ch\/fr\/wp-json\/wp\/v2\/types\/product"}],"wp:featuredmedia":[{"embeddable":true,"href":"https:\/\/sibeag.ch\/fr\/wp-json\/wp\/v2\/media\/8178"}],"wp:attachment":[{"href":"https:\/\/sibeag.ch\/fr\/wp-json\/wp\/v2\/media?parent=17454"}],"wp:term":[{"taxonomy":"product_brand","embeddable":true,"href":"https:\/\/sibeag.ch\/fr\/wp-json\/wp\/v2\/product_brand?post=17454"},{"taxonomy":"product_cat","embeddable":true,"href":"https:\/\/sibeag.ch\/fr\/wp-json\/wp\/v2\/product_cat?post=17454"},{"taxonomy":"product_tag","embeddable":true,"href":"https:\/\/sibeag.ch\/fr\/wp-json\/wp\/v2\/product_tag?post=17454"}],"curies":[{"name":"wp","href":"https:\/\/api.w.org\/{rel}","templated":true}]}}