{"id":17467,"date":"2019-01-25T15:19:38","date_gmt":"2019-01-25T15:19:38","guid":{"rendered":"https:\/\/www.sibeag.ch\/shop\/non%20class\u00e9\/ferule-smart-fit-pro\/"},"modified":"2026-02-18T16:17:24","modified_gmt":"2026-02-18T15:17:24","slug":"ferule-smart-fit","status":"publish","type":"product","link":"https:\/\/sibeag.ch\/fr\/parcours-de-golf\/green-fr\/hampes-de-drapeaux\/pieces-detachees-accessoires-pour-hampe-de-drapeau\/ferule-smart-fit\/","title":{"rendered":"F\u00e9rule Smart-Fit Pro"},"content":{"rendered":"","protected":false},"excerpt":{"rendered":"<p><img loading=\"lazy\" decoding=\"async\" class=\"alignright size-full wp-image-184\" src=\"https:\/\/www.sibeag.ch\/wp-content\/uploads\/Standard-Golf-Logo.jpg\" alt=\"Standard Golf Logo\" width=\"112\" height=\"30\"><\/p>\n<h1>F\u00e9rule Smart-Fit Pro<\/h1>\n<p>Gr\u00e2ce aux encoches, les hampes de drapeau ne tournent plus.<\/p>\n<ul>\n<li>Les hampes de drapeau de Standard Golf sont \u00e9quip\u00e9s de cette f\u00e9rule par d\u00e9faut<\/li>\n<\/ul>\n","protected":false},"featured_media":18622,"template":"","meta":{"_acf_changed":false},"product_brand":[2972],"product_cat":[961,971,1148],"product_tag":[],"class_list":{"0":"entry","1":"author-sibegolf","2":"has-excerpt","3":"post-17467","4":"product","5":"type-product","6":"status-publish","7":"has-post-thumbnail","8":"product_brand-standard-golf","9":"product_cat-parcours-de-golf","10":"product_cat-green-fr","11":"product_cat-pieces-detachees-accessoires-pour-hampe-de-drapeau","13":"first","14":"instock","15":"taxable","16":"shipping-taxable","17":"purchasable","18":"product-type-simple"},"acf":[],"_links":{"self":[{"href":"https:\/\/sibeag.ch\/fr\/wp-json\/wp\/v2\/product\/17467","targetHints":{"allow":["GET"]}}],"collection":[{"href":"https:\/\/sibeag.ch\/fr\/wp-json\/wp\/v2\/product"}],"about":[{"href":"https:\/\/sibeag.ch\/fr\/wp-json\/wp\/v2\/types\/product"}],"wp:featuredmedia":[{"embeddable":true,"href":"https:\/\/sibeag.ch\/fr\/wp-json\/wp\/v2\/media\/18622"}],"wp:attachment":[{"href":"https:\/\/sibeag.ch\/fr\/wp-json\/wp\/v2\/media?parent=17467"}],"wp:term":[{"taxonomy":"product_brand","embeddable":true,"href":"https:\/\/sibeag.ch\/fr\/wp-json\/wp\/v2\/product_brand?post=17467"},{"taxonomy":"product_cat","embeddable":true,"href":"https:\/\/sibeag.ch\/fr\/wp-json\/wp\/v2\/product_cat?post=17467"},{"taxonomy":"product_tag","embeddable":true,"href":"https:\/\/sibeag.ch\/fr\/wp-json\/wp\/v2\/product_tag?post=17467"}],"curies":[{"name":"wp","href":"https:\/\/api.w.org\/{rel}","templated":true}]}}