{"id":17484,"date":"2019-01-25T15:20:29","date_gmt":"2019-01-25T15:20:29","guid":{"rendered":"https:\/\/www.sibeag.ch\/shop\/non%20class\u00e9\/hole-cutter-turfmaster\/"},"modified":"2026-02-18T16:18:01","modified_gmt":"2026-02-18T15:18:01","slug":"hole-cutter-turfmaster","status":"publish","type":"product","link":"https:\/\/sibeag.ch\/fr\/greenkeeping-fr\/traitement-des-greens\/hole-cutters-accessoires\/hole-cutter-turfmaster\/","title":{"rendered":"Hole Cutter Turfmaster"},"content":{"rendered":"","protected":false},"excerpt":{"rendered":"<p><img loading=\"lazy\" decoding=\"async\" class=\"alignright size-medium wp-image-3355\" src=\"https:\/\/www.sibeag.ch\/wp-content\/uploads\/StandardGolf_Logo-300x83.jpg\" alt=\"Logo Standard Golf\" width=\"112\" height=\"31\"><\/p>\n<h1>Hole Cutter Turfmaster<\/h1>\n<p>Les lames tranchantes du Turfmaster \u00e9vitent d&rsquo;ab\u00eemer les racines.<\/p>\n<ul>\n<li>10.8 cm de diam\u00e8tre du trou<\/li>\n<li>lames aff\u00fbt\u00e9e \u00e0 l\u2019ext\u00e9rieur<\/li>\n<li>utiliser un maillet en caoutchouc pour placer les lames<\/li>\n<\/ul>\n","protected":false},"featured_media":8754,"template":"","meta":{"_acf_changed":false},"product_brand":[2972],"product_cat":[1001,1028,1024,2788],"product_tag":[],"class_list":{"0":"entry","1":"author-sibegolf","2":"has-excerpt","3":"post-17484","4":"product","5":"type-product","6":"status-publish","7":"has-post-thumbnail","8":"product_brand-standard-golf","9":"product_cat-greenkeeping-fr","10":"product_cat-traitement-des-greens","11":"product_cat-hole-cutters-accessoires","12":"product_cat-holecutter","14":"first","15":"instock","16":"taxable","17":"shipping-taxable","18":"purchasable","19":"product-type-simple"},"acf":[],"_links":{"self":[{"href":"https:\/\/sibeag.ch\/fr\/wp-json\/wp\/v2\/product\/17484","targetHints":{"allow":["GET"]}}],"collection":[{"href":"https:\/\/sibeag.ch\/fr\/wp-json\/wp\/v2\/product"}],"about":[{"href":"https:\/\/sibeag.ch\/fr\/wp-json\/wp\/v2\/types\/product"}],"wp:featuredmedia":[{"embeddable":true,"href":"https:\/\/sibeag.ch\/fr\/wp-json\/wp\/v2\/media\/8754"}],"wp:attachment":[{"href":"https:\/\/sibeag.ch\/fr\/wp-json\/wp\/v2\/media?parent=17484"}],"wp:term":[{"taxonomy":"product_brand","embeddable":true,"href":"https:\/\/sibeag.ch\/fr\/wp-json\/wp\/v2\/product_brand?post=17484"},{"taxonomy":"product_cat","embeddable":true,"href":"https:\/\/sibeag.ch\/fr\/wp-json\/wp\/v2\/product_cat?post=17484"},{"taxonomy":"product_tag","embeddable":true,"href":"https:\/\/sibeag.ch\/fr\/wp-json\/wp\/v2\/product_tag?post=17484"}],"curies":[{"name":"wp","href":"https:\/\/api.w.org\/{rel}","templated":true}]}}