{"id":17486,"date":"2019-01-25T15:20:58","date_gmt":"2019-01-25T15:20:58","guid":{"rendered":"https:\/\/www.sibeag.ch\/shop\/non%20class\u00e9\/echantillonneur-de-sol\/"},"modified":"2026-02-18T16:18:12","modified_gmt":"2026-02-18T15:18:12","slug":"echantillonneur-de-sol","status":"publish","type":"product","link":"https:\/\/sibeag.ch\/fr\/greenkeeping-fr\/outils-de-mesure\/echantillons-de-sol\/echantillonneur-de-sol\/","title":{"rendered":"\u00c9chantillonneur de sol"},"content":{"rendered":"","protected":false},"excerpt":{"rendered":"<p><img loading=\"lazy\" decoding=\"async\" class=\"alignright size-medium wp-image-3355\" src=\"https:\/\/www.sibeag.ch\/wp-content\/uploads\/StandardGolf_Logo-300x83.jpg\" alt=\"Logo Standard Golf\" width=\"112\" height=\"31\"><\/p>\n<h1>\u00c9chantillonneur de sol<\/h1>\n<p>Les 3 ouvertures lat\u00e9rales permettent un examen rapide et imm\u00e9diat en profil de la structure du sol.<\/p>\n<ul>\n<li>Taille des \u00e9chantillons 25 cm<\/li>\n<li>poign\u00e9e d\u00e9tachable pour sortir l&rsquo;\u00e9chantillon<\/li>\n<\/ul>\n","protected":false},"featured_media":8842,"template":"","meta":{"_acf_changed":false},"product_brand":[2972],"product_cat":[1001,1923,1931],"product_tag":[],"class_list":{"0":"entry","1":"author-sibegolf","2":"has-excerpt","3":"post-17486","4":"product","5":"type-product","6":"status-publish","7":"has-post-thumbnail","8":"product_brand-standard-golf","9":"product_cat-greenkeeping-fr","10":"product_cat-outils-de-mesure","11":"product_cat-echantillons-de-sol","13":"first","14":"instock","15":"taxable","16":"shipping-taxable","17":"purchasable","18":"product-type-simple"},"acf":[],"_links":{"self":[{"href":"https:\/\/sibeag.ch\/fr\/wp-json\/wp\/v2\/product\/17486","targetHints":{"allow":["GET"]}}],"collection":[{"href":"https:\/\/sibeag.ch\/fr\/wp-json\/wp\/v2\/product"}],"about":[{"href":"https:\/\/sibeag.ch\/fr\/wp-json\/wp\/v2\/types\/product"}],"wp:featuredmedia":[{"embeddable":true,"href":"https:\/\/sibeag.ch\/fr\/wp-json\/wp\/v2\/media\/8842"}],"wp:attachment":[{"href":"https:\/\/sibeag.ch\/fr\/wp-json\/wp\/v2\/media?parent=17486"}],"wp:term":[{"taxonomy":"product_brand","embeddable":true,"href":"https:\/\/sibeag.ch\/fr\/wp-json\/wp\/v2\/product_brand?post=17486"},{"taxonomy":"product_cat","embeddable":true,"href":"https:\/\/sibeag.ch\/fr\/wp-json\/wp\/v2\/product_cat?post=17486"},{"taxonomy":"product_tag","embeddable":true,"href":"https:\/\/sibeag.ch\/fr\/wp-json\/wp\/v2\/product_tag?post=17486"}],"curies":[{"name":"wp","href":"https:\/\/api.w.org\/{rel}","templated":true}]}}