{"id":17498,"date":"2019-01-25T15:21:43","date_gmt":"2019-01-25T15:21:43","guid":{"rendered":"https:\/\/www.sibeag.ch\/shop\/non%20class\u00e9\/tete-de-rateau-economique\/"},"modified":"2026-02-18T16:18:37","modified_gmt":"2026-02-18T15:18:37","slug":"tete-de-rateau-economique","status":"publish","type":"product","link":"https:\/\/sibeag.ch\/fr\/parcours-de-golf\/bunker-fr\/tetes-de-rateaux\/tete-de-rateau-economique\/","title":{"rendered":"T\u00eate de r\u00e2teau \u00c9conomique"},"content":{"rendered":"","protected":false},"excerpt":{"rendered":"<p><img loading=\"lazy\" decoding=\"async\" class=\"alignright size-medium wp-image-3355\" src=\"https:\/\/www.sibeag.ch\/wp-content\/uploads\/StandardGolf_Logo-300x83.jpg\" alt=\"Logo de Standard Golf\" width=\"112\" height=\"31\"><\/p>\n<h1>T\u00eate de r\u00e2teau \u00c9conomique<\/h1>\n<ul>\n<li>T\u00eate l\u00e9g\u00e8re de 38 cm<\/li>\n<\/ul>\n","protected":false},"featured_media":8936,"template":"","meta":{"_acf_changed":false},"product_brand":[2972],"product_cat":[961,984,996],"product_tag":[],"class_list":{"0":"entry","1":"author-sibegolf","2":"has-excerpt","3":"post-17498","4":"product","5":"type-product","6":"status-publish","7":"has-post-thumbnail","8":"product_brand-standard-golf","9":"product_cat-parcours-de-golf","10":"product_cat-bunker-fr","11":"product_cat-tetes-de-rateaux","13":"first","14":"instock","15":"taxable","16":"shipping-taxable","17":"purchasable","18":"product-type-simple"},"acf":[],"_links":{"self":[{"href":"https:\/\/sibeag.ch\/fr\/wp-json\/wp\/v2\/product\/17498","targetHints":{"allow":["GET"]}}],"collection":[{"href":"https:\/\/sibeag.ch\/fr\/wp-json\/wp\/v2\/product"}],"about":[{"href":"https:\/\/sibeag.ch\/fr\/wp-json\/wp\/v2\/types\/product"}],"wp:featuredmedia":[{"embeddable":true,"href":"https:\/\/sibeag.ch\/fr\/wp-json\/wp\/v2\/media\/8936"}],"wp:attachment":[{"href":"https:\/\/sibeag.ch\/fr\/wp-json\/wp\/v2\/media?parent=17498"}],"wp:term":[{"taxonomy":"product_brand","embeddable":true,"href":"https:\/\/sibeag.ch\/fr\/wp-json\/wp\/v2\/product_brand?post=17498"},{"taxonomy":"product_cat","embeddable":true,"href":"https:\/\/sibeag.ch\/fr\/wp-json\/wp\/v2\/product_cat?post=17498"},{"taxonomy":"product_tag","embeddable":true,"href":"https:\/\/sibeag.ch\/fr\/wp-json\/wp\/v2\/product_tag?post=17498"}],"curies":[{"name":"wp","href":"https:\/\/api.w.org\/{rel}","templated":true}]}}