{"id":17517,"date":"2019-01-25T14:46:10","date_gmt":"2019-01-25T14:46:10","guid":{"rendered":"https:\/\/www.sibeag.ch\/shop\/non%20class\u00e9\/bogey-st2000-hybride\/"},"modified":"2026-02-18T16:15:12","modified_gmt":"2026-02-18T15:15:12","slug":"bogey-hybride-st2000","status":"publish","type":"product","link":"https:\/\/sibeag.ch\/fr\/parcours-de-golf\/green-fr\/bogeys-accessoires\/bogey-hybride-st2000\/","title":{"rendered":"Bogey ST2000 hybride"},"content":{"rendered":"","protected":false},"excerpt":{"rendered":"<p><img loading=\"lazy\" decoding=\"async\" class=\"alignright size-full wp-image-184\" src=\"https:\/\/www.sibeag.ch\/wp-content\/uploads\/Standard-Golf-Logo.jpg\" alt=\"Standard Golf Logo\" width=\"112\" height=\"30\" \/><\/p>\n<h1>Bogey ST2000 hybride<\/h1>\n<p>La partie inf\u00e9rieure du bogey hybride est faite d&rsquo;aluminium et la partie sup\u00e9rieure est faite de plastique. Ainsi, l&rsquo;\u00e9caillage de la couleur est une chose du pass\u00e9.<\/p>\n<ul>\n<li>10.8 cm de diam\u00e8tre<\/li>\n<li>15 cm de hauteur<\/li>\n<li>blanc<\/li>\n<\/ul>\n","protected":false},"featured_media":20394,"template":"","meta":{"_acf_changed":false},"product_brand":[2972],"product_cat":[961,971,1029],"product_tag":[],"class_list":{"0":"entry","1":"author-sibegolf","2":"has-excerpt","3":"post-17517","4":"product","5":"type-product","6":"status-publish","7":"has-post-thumbnail","8":"product_brand-standard-golf","9":"product_cat-parcours-de-golf","10":"product_cat-green-fr","11":"product_cat-bogeys-accessoires","13":"first","14":"instock","15":"taxable","16":"shipping-taxable","17":"purchasable","18":"product-type-simple"},"acf":[],"_links":{"self":[{"href":"https:\/\/sibeag.ch\/fr\/wp-json\/wp\/v2\/product\/17517","targetHints":{"allow":["GET"]}}],"collection":[{"href":"https:\/\/sibeag.ch\/fr\/wp-json\/wp\/v2\/product"}],"about":[{"href":"https:\/\/sibeag.ch\/fr\/wp-json\/wp\/v2\/types\/product"}],"wp:featuredmedia":[{"embeddable":true,"href":"https:\/\/sibeag.ch\/fr\/wp-json\/wp\/v2\/media\/20394"}],"wp:attachment":[{"href":"https:\/\/sibeag.ch\/fr\/wp-json\/wp\/v2\/media?parent=17517"}],"wp:term":[{"taxonomy":"product_brand","embeddable":true,"href":"https:\/\/sibeag.ch\/fr\/wp-json\/wp\/v2\/product_brand?post=17517"},{"taxonomy":"product_cat","embeddable":true,"href":"https:\/\/sibeag.ch\/fr\/wp-json\/wp\/v2\/product_cat?post=17517"},{"taxonomy":"product_tag","embeddable":true,"href":"https:\/\/sibeag.ch\/fr\/wp-json\/wp\/v2\/product_tag?post=17517"}],"curies":[{"name":"wp","href":"https:\/\/api.w.org\/{rel}","templated":true}]}}