{"id":17532,"date":"2019-01-25T14:46:42","date_gmt":"2019-01-25T14:46:42","guid":{"rendered":"https:\/\/www.sibeag.ch\/shop\/non%20class\u00e9\/support-pour-station-deau-kooler-aid\/"},"modified":"2026-02-18T16:15:40","modified_gmt":"2026-02-18T15:15:40","slug":"support-pour-station-deau-kooler-aid","status":"publish","type":"product","link":"https:\/\/sibeag.ch\/fr\/parcours-de-golf\/fairway-fr\/stations-deau-fr\/pieces-detachees-accessoires-pour-stations-deau-fr\/support-pour-station-deau-kooler-aid\/","title":{"rendered":"Support pour station d&rsquo;eau Kooler-Aid"},"content":{"rendered":"","protected":false},"excerpt":{"rendered":"<p><img loading=\"lazy\" decoding=\"async\" class=\"alignright size-full wp-image-184\" src=\"https:\/\/www.sibeag.ch\/wp-content\/uploads\/Standard-Golf-Logo.jpg\" alt=\"Standard Golf Logo\" width=\"112\" height=\"30\"><\/p>\n<h1>Support pour station d&rsquo;eau Kooler-Aid<\/h1>\n<ul>\n<li>avec plaque mont\u00e9e pour la pose du r\u00e9servoir d&rsquo;eau r\u00e9frigerant<\/li>\n<\/ul>\n","protected":false},"featured_media":22356,"template":"","meta":{"_acf_changed":false},"product_brand":[2972],"product_cat":[961,966,1012,1013],"product_tag":[],"class_list":{"0":"entry","1":"author-sibegolf","2":"has-excerpt","3":"post-17532","4":"product","5":"type-product","6":"status-publish","7":"has-post-thumbnail","8":"product_brand-standard-golf","9":"product_cat-parcours-de-golf","10":"product_cat-depart","11":"product_cat-pieces-detachees-accessoires-pour-stations-deau","12":"product_cat-pieces-detachees-accessoires-pour-stations-deau-fr","14":"first","15":"instock","16":"taxable","17":"shipping-taxable","18":"purchasable","19":"product-type-simple"},"acf":[],"_links":{"self":[{"href":"https:\/\/sibeag.ch\/fr\/wp-json\/wp\/v2\/product\/17532","targetHints":{"allow":["GET"]}}],"collection":[{"href":"https:\/\/sibeag.ch\/fr\/wp-json\/wp\/v2\/product"}],"about":[{"href":"https:\/\/sibeag.ch\/fr\/wp-json\/wp\/v2\/types\/product"}],"wp:featuredmedia":[{"embeddable":true,"href":"https:\/\/sibeag.ch\/fr\/wp-json\/wp\/v2\/media\/22356"}],"wp:attachment":[{"href":"https:\/\/sibeag.ch\/fr\/wp-json\/wp\/v2\/media?parent=17532"}],"wp:term":[{"taxonomy":"product_brand","embeddable":true,"href":"https:\/\/sibeag.ch\/fr\/wp-json\/wp\/v2\/product_brand?post=17532"},{"taxonomy":"product_cat","embeddable":true,"href":"https:\/\/sibeag.ch\/fr\/wp-json\/wp\/v2\/product_cat?post=17532"},{"taxonomy":"product_tag","embeddable":true,"href":"https:\/\/sibeag.ch\/fr\/wp-json\/wp\/v2\/product_tag?post=17532"}],"curies":[{"name":"wp","href":"https:\/\/api.w.org\/{rel}","templated":true}]}}