{"id":17605,"date":"2019-01-25T16:30:47","date_gmt":"2019-01-25T16:30:47","guid":{"rendered":"https:\/\/www.sibeag.ch\/shop\/non%20class\u00e9\/point-dancrage-pour-tubes-de-oe-42-4-cm\/"},"modified":"2026-02-18T16:42:11","modified_gmt":"2026-02-18T15:42:11","slug":"douille-pour-poteau-oe-42-4-mm","status":"publish","type":"product","link":"https:\/\/sibeag.ch\/fr\/parcours-de-golf\/signaletique\/panneaux-de-depart-fr\/douille-pour-poteau-oe-42-4-mm\/","title":{"rendered":"Douille pour poteau \u00f8 42.4 mm"},"content":{"rendered":"","protected":false},"excerpt":{"rendered":"<h1>Douille pour poteau \u00f8 42.4 mm<\/h1>\n<ul>\n<li>20 cm de long<\/li>\n<li>pour les poteaux avec un diam\u00e8tre \u00e9xterieur de \u00f8 42.4 mm<\/li>\n<li>tube en acier<\/li>\n<\/ul>\n","protected":false},"featured_media":22267,"template":"","meta":{"_acf_changed":false},"product_brand":[],"product_cat":[1044],"product_tag":[1942],"class_list":{"0":"entry","1":"author-sibegolf","2":"has-excerpt","3":"post-17605","4":"product","5":"type-product","6":"status-publish","7":"has-post-thumbnail","8":"product_cat-panneaux-de-depart-fr","9":"product_tag-accessoire-pour-panneaux-de-depart","11":"first","12":"instock","13":"taxable","14":"shipping-taxable","15":"purchasable","16":"product-type-simple"},"acf":[],"_links":{"self":[{"href":"https:\/\/sibeag.ch\/fr\/wp-json\/wp\/v2\/product\/17605","targetHints":{"allow":["GET"]}}],"collection":[{"href":"https:\/\/sibeag.ch\/fr\/wp-json\/wp\/v2\/product"}],"about":[{"href":"https:\/\/sibeag.ch\/fr\/wp-json\/wp\/v2\/types\/product"}],"wp:featuredmedia":[{"embeddable":true,"href":"https:\/\/sibeag.ch\/fr\/wp-json\/wp\/v2\/media\/22267"}],"wp:attachment":[{"href":"https:\/\/sibeag.ch\/fr\/wp-json\/wp\/v2\/media?parent=17605"}],"wp:term":[{"taxonomy":"product_brand","embeddable":true,"href":"https:\/\/sibeag.ch\/fr\/wp-json\/wp\/v2\/product_brand?post=17605"},{"taxonomy":"product_cat","embeddable":true,"href":"https:\/\/sibeag.ch\/fr\/wp-json\/wp\/v2\/product_cat?post=17605"},{"taxonomy":"product_tag","embeddable":true,"href":"https:\/\/sibeag.ch\/fr\/wp-json\/wp\/v2\/product_tag?post=17605"}],"curies":[{"name":"wp","href":"https:\/\/api.w.org\/{rel}","templated":true}]}}