{"id":19796,"date":"2019-04-09T06:46:08","date_gmt":"2019-04-09T06:46:08","guid":{"rendered":"https:\/\/www.sibeag.ch\/?post_type=product&#038;p=19796"},"modified":"2026-02-18T16:44:05","modified_gmt":"2026-02-18T15:44:05","slug":"porte-rateau-stand-easy","status":"publish","type":"product","link":"https:\/\/sibeag.ch\/fr\/parcours-de-golf\/bunker-fr\/supports-pour-rateau\/porte-rateau-stand-easy\/","title":{"rendered":"Porte-r\u00e2teau Stand Easy"},"content":{"rendered":"","protected":false},"excerpt":{"rendered":"<h1>Porte-r\u00e2teau Stand Easy<\/h1>\n<ul>\n<li>avec vis pour la fixation<\/li>\n<li>pour manches de r\u00e2teau jusqu&rsquo;\u00e0 \u00f8 25 mm<\/li>\n<\/ul>\n","protected":false},"featured_media":20388,"template":"","meta":{"_acf_changed":false},"product_brand":[],"product_cat":[961,984,1144],"product_tag":[],"class_list":{"0":"entry","1":"author-sibeag","2":"has-excerpt","3":"post-19796","4":"product","5":"type-product","6":"status-publish","7":"has-post-thumbnail","8":"product_cat-parcours-de-golf","9":"product_cat-bunker-fr","10":"product_cat-supports-pour-rateau","12":"first","13":"instock","14":"taxable","15":"shipping-taxable","16":"purchasable","17":"product-type-simple"},"acf":[],"_links":{"self":[{"href":"https:\/\/sibeag.ch\/fr\/wp-json\/wp\/v2\/product\/19796","targetHints":{"allow":["GET"]}}],"collection":[{"href":"https:\/\/sibeag.ch\/fr\/wp-json\/wp\/v2\/product"}],"about":[{"href":"https:\/\/sibeag.ch\/fr\/wp-json\/wp\/v2\/types\/product"}],"wp:featuredmedia":[{"embeddable":true,"href":"https:\/\/sibeag.ch\/fr\/wp-json\/wp\/v2\/media\/20388"}],"wp:attachment":[{"href":"https:\/\/sibeag.ch\/fr\/wp-json\/wp\/v2\/media?parent=19796"}],"wp:term":[{"taxonomy":"product_brand","embeddable":true,"href":"https:\/\/sibeag.ch\/fr\/wp-json\/wp\/v2\/product_brand?post=19796"},{"taxonomy":"product_cat","embeddable":true,"href":"https:\/\/sibeag.ch\/fr\/wp-json\/wp\/v2\/product_cat?post=19796"},{"taxonomy":"product_tag","embeddable":true,"href":"https:\/\/sibeag.ch\/fr\/wp-json\/wp\/v2\/product_tag?post=19796"}],"curies":[{"name":"wp","href":"https:\/\/api.w.org\/{rel}","templated":true}]}}