{"id":20379,"date":"2019-05-24T20:21:43","date_gmt":"2019-05-24T20:21:44","guid":{"rendered":"https:\/\/www.sibeag.ch\/?post_type=product&#038;p=20379"},"modified":"2026-02-18T17:19:57","modified_gmt":"2026-02-18T16:19:57","slug":"corde-a-rosee-o-27-mm","status":"publish","type":"product","link":"https:\/\/sibeag.ch\/fr\/greenkeeping-fr\/traitement-des-greens\/appareils-rosee\/corde-a-rosee-o-27-mm\/","title":{"rendered":"Corde \u00e0 ros\u00e9e \u00f8 27 mm"},"content":{"rendered":"","protected":false},"excerpt":{"rendered":"<h1>Corde \u00e0 ros\u00e9e \u00f8 27 mm<\/h1>\n<p>Pour l&rsquo;enl\u00e8vement de la ros\u00e9e, de la salet\u00e9 de ver ou des sections de pelouse sur le Fairway. Corde lest\u00e9e qui s&rsquo;adapte parfaitement au sol.<\/p>\n<ul>\n<li>700g\/m<\/li>\n<li>disponible en longueur de 50 m ou 70 m<\/li>\n<\/ul>\n","protected":false},"featured_media":20484,"template":"","meta":{"_acf_changed":false},"product_brand":[],"product_cat":[1001,1028,2799,1025,2815],"product_tag":[],"class_list":{"0":"entry","1":"author-sibeag","2":"has-excerpt","3":"post-20379","4":"product","5":"type-product","6":"status-publish","7":"has-post-thumbnail","8":"product_cat-greenkeeping-fr","9":"product_cat-traitement-des-greens","10":"product_cat-appareils-rosee","11":"product_cat-outils-dentretien","12":"product_cat-rosee","13":"product_shipping_class-objets-encombrants","15":"first","16":"instock","17":"taxable","18":"shipping-taxable","19":"purchasable","20":"product-type-variable"},"acf":[],"_links":{"self":[{"href":"https:\/\/sibeag.ch\/fr\/wp-json\/wp\/v2\/product\/20379","targetHints":{"allow":["GET"]}}],"collection":[{"href":"https:\/\/sibeag.ch\/fr\/wp-json\/wp\/v2\/product"}],"about":[{"href":"https:\/\/sibeag.ch\/fr\/wp-json\/wp\/v2\/types\/product"}],"wp:featuredmedia":[{"embeddable":true,"href":"https:\/\/sibeag.ch\/fr\/wp-json\/wp\/v2\/media\/20484"}],"wp:attachment":[{"href":"https:\/\/sibeag.ch\/fr\/wp-json\/wp\/v2\/media?parent=20379"}],"wp:term":[{"taxonomy":"product_brand","embeddable":true,"href":"https:\/\/sibeag.ch\/fr\/wp-json\/wp\/v2\/product_brand?post=20379"},{"taxonomy":"product_cat","embeddable":true,"href":"https:\/\/sibeag.ch\/fr\/wp-json\/wp\/v2\/product_cat?post=20379"},{"taxonomy":"product_tag","embeddable":true,"href":"https:\/\/sibeag.ch\/fr\/wp-json\/wp\/v2\/product_tag?post=20379"}],"curies":[{"name":"wp","href":"https:\/\/api.w.org\/{rel}","templated":true}]}}