{"id":20383,"date":"2019-05-24T20:23:10","date_gmt":"2019-05-24T20:23:11","guid":{"rendered":"https:\/\/www.sibeag.ch\/?post_type=product&#038;p=20383"},"modified":"2026-02-18T17:19:59","modified_gmt":"2026-02-18T16:19:59","slug":"tapis-a-tirer-metal-2","status":"publish","type":"product","link":"https:\/\/sibeag.ch\/fr\/greenkeeping-fr\/traitement-des-greens\/tapis-a-tirer\/tapis-a-tirer-metal-2\/","title":{"rendered":"Tapis \u00e0 tirer en m\u00e9tal"},"content":{"rendered":"","protected":false},"excerpt":{"rendered":"<h1>Tapis \u00e0 tirer en m\u00e9tal<\/h1>\n<p>Tapis \u00e0 tirer robuste en acier chrom\u00e9 avec cha\u00eene et poign\u00e9e.<\/p>\n<ul>\n<li>120 x 180 cm &#8211; 12 kg<\/li>\n<li>180 x 240 cm &#8211; 35 kg<\/li>\n<li>240 x 240 cm &#8211; 47 kg<\/li>\n<\/ul>\n","protected":false},"featured_media":21182,"template":"","meta":{"_acf_changed":false},"product_brand":[],"product_cat":[1001,1028,2785,1025,2823],"product_tag":[],"class_list":{"0":"entry","1":"author-sibeag","2":"has-excerpt","3":"post-20383","4":"product","5":"type-product","6":"status-publish","7":"has-post-thumbnail","8":"product_cat-greenkeeping-fr","9":"product_cat-traitement-des-greens","10":"product_cat-tapis-a-tirer","11":"product_cat-outils-dentretien","12":"product_cat-tapis-a-tirer-fr","13":"product_shipping_class-objets-encombrants","15":"first","16":"instock","17":"taxable","18":"shipping-taxable","19":"purchasable","20":"product-type-variable"},"acf":[],"_links":{"self":[{"href":"https:\/\/sibeag.ch\/fr\/wp-json\/wp\/v2\/product\/20383","targetHints":{"allow":["GET"]}}],"collection":[{"href":"https:\/\/sibeag.ch\/fr\/wp-json\/wp\/v2\/product"}],"about":[{"href":"https:\/\/sibeag.ch\/fr\/wp-json\/wp\/v2\/types\/product"}],"wp:featuredmedia":[{"embeddable":true,"href":"https:\/\/sibeag.ch\/fr\/wp-json\/wp\/v2\/media\/21182"}],"wp:attachment":[{"href":"https:\/\/sibeag.ch\/fr\/wp-json\/wp\/v2\/media?parent=20383"}],"wp:term":[{"taxonomy":"product_brand","embeddable":true,"href":"https:\/\/sibeag.ch\/fr\/wp-json\/wp\/v2\/product_brand?post=20383"},{"taxonomy":"product_cat","embeddable":true,"href":"https:\/\/sibeag.ch\/fr\/wp-json\/wp\/v2\/product_cat?post=20383"},{"taxonomy":"product_tag","embeddable":true,"href":"https:\/\/sibeag.ch\/fr\/wp-json\/wp\/v2\/product_tag?post=20383"}],"curies":[{"name":"wp","href":"https:\/\/api.w.org\/{rel}","templated":true}]}}