{"id":20410,"date":"2019-07-03T15:09:07","date_gmt":"2019-07-03T15:09:10","guid":{"rendered":"https:\/\/www.sibeag.ch\/?post_type=product&#038;p=20410"},"modified":"2024-11-30T08:45:28","modified_gmt":"2024-11-30T07:45:28","slug":"ellwee","status":"publish","type":"product","link":"https:\/\/sibeag.ch\/fr\/club-house\/voiturettes\/ellwee\/","title":{"rendered":"ELLWEE Easy"},"content":{"rendered":"","protected":false},"excerpt":{"rendered":"<p><img decoding=\"async\" class=\"alignright size-medium wp-image-3355 ellwee-logo\" src=\"https:\/\/www.sibeag.ch\/wp-content\/uploads\/ellwee-logo.jpg\" alt=\"Logo ELLWEE\"><\/p>\n<h1>ELLWEE Easy<\/h1>\n<p>Le v\u00e9hicule \u00e9lectrique de derni\u00e8re g\u00e9n\u00e9ration. D\u00e9sormais encore plus confortable sur le terrain de golf. R\u00e9glages adaptables \u00e0 chaque terrain. Le porte-sac et la bo\u00eete du greenkeeper ne sont que deux des nombreuses possibilit\u00e9s suppl\u00e9mentaires.<\/p>\n<ul>\n<li>Dimensions : 160 x 86 x 115 cm (L x L x H)<\/li>\n<li>Poids: 190 kg<\/li>\n<li>Moteur : Moteur \u00e0 induction 48 Volt DC, 1500 W<\/li>\n<li>Batterie: 4 AGM batteries 12 V, 59 Ah<\/li>\n<li>Batterie pouvant rouler jusqu&rsquo;\u00e0 100 km<\/li>\n<li>Max. Vitesse 40 km\/h<\/li>\n<\/ul>\n","protected":false},"featured_media":118112,"template":"","meta":{"_acf_changed":false},"product_brand":[],"product_cat":[962,2457],"product_tag":[2939],"class_list":{"0":"entry","1":"author-sibeag","2":"has-excerpt","3":"post-20410","4":"product","5":"type-product","6":"status-publish","7":"has-post-thumbnail","8":"product_cat-club-house","9":"product_cat-voiturettes","10":"product_tag-sur-demande","12":"first","13":"instock","14":"taxable","15":"shipping-taxable","16":"product-type-simple"},"acf":[],"_links":{"self":[{"href":"https:\/\/sibeag.ch\/fr\/wp-json\/wp\/v2\/product\/20410","targetHints":{"allow":["GET"]}}],"collection":[{"href":"https:\/\/sibeag.ch\/fr\/wp-json\/wp\/v2\/product"}],"about":[{"href":"https:\/\/sibeag.ch\/fr\/wp-json\/wp\/v2\/types\/product"}],"wp:featuredmedia":[{"embeddable":true,"href":"https:\/\/sibeag.ch\/fr\/wp-json\/wp\/v2\/media\/118112"}],"wp:attachment":[{"href":"https:\/\/sibeag.ch\/fr\/wp-json\/wp\/v2\/media?parent=20410"}],"wp:term":[{"taxonomy":"product_brand","embeddable":true,"href":"https:\/\/sibeag.ch\/fr\/wp-json\/wp\/v2\/product_brand?post=20410"},{"taxonomy":"product_cat","embeddable":true,"href":"https:\/\/sibeag.ch\/fr\/wp-json\/wp\/v2\/product_cat?post=20410"},{"taxonomy":"product_tag","embeddable":true,"href":"https:\/\/sibeag.ch\/fr\/wp-json\/wp\/v2\/product_tag?post=20410"}],"curies":[{"name":"wp","href":"https:\/\/api.w.org\/{rel}","templated":true}]}}