{"id":20420,"date":"2019-07-03T15:20:23","date_gmt":"2019-07-03T15:20:24","guid":{"rendered":"https:\/\/www.sibeag.ch\/?post_type=product&#038;p=20420"},"modified":"2024-11-30T08:45:27","modified_gmt":"2024-11-30T07:45:27","slug":"testeur-fermete-trufirm","status":"publish","type":"product","link":"https:\/\/sibeag.ch\/fr\/greenkeeping-fr\/outils-de-mesure\/resistance-du-sol\/testeur-fermete-trufirm\/","title":{"rendered":"Testeur de fermet\u00e9 TruFirm"},"content":{"rendered":"","protected":false},"excerpt":{"rendered":"<p><img decoding=\"async\" class=\"alignright size-medium wp-image-3355 spectrum-logo\" src=\"https:\/\/www.sibeag.ch\/wp-content\/uploads\/Spectrum_no_tag.jpg\" alt=\"Logo Spectrum Technologies\"><\/p>\n<h1>Testeur de fermet\u00e9 TruFirm<\/h1>\n<p>D\u00e9velopp\u00e9 avec l\u2019aide de l&rsquo;USGA, le testeur de fermet\u00e9 TruFirm offre une m\u00e9thode rapide, facile et abordable pour mesurer la fermet\u00e9 des gazons et des sables des bunkers. Une analyse imm\u00e9diate par l&rsquo;application smartphone offre la possibilit\u00e9 de prendre les mesures appropri\u00e9es pour atteindre la fermet\u00e9 souhait\u00e9e des greens, des fairways et des bunkers.<\/p>\n<p>&nbsp;<\/p>\n<ul>\n<li>Fonctions Bluetooth pour une analyse imm\u00e9diate<\/li>\n<li>facile \u00e0 utiliser<\/li>\n<li>Marteau d&rsquo;impact dans la forme d&rsquo;une balle de golf<\/li>\n<li>avec sac de transport<\/li>\n<\/ul>\n","protected":false},"featured_media":20422,"template":"","meta":{"_acf_changed":false},"product_brand":[],"product_cat":[1001,1923,2806],"product_tag":[2939],"class_list":{"0":"entry","1":"author-sibeag","2":"has-excerpt","3":"post-20420","4":"product","5":"type-product","6":"status-publish","7":"has-post-thumbnail","8":"product_cat-greenkeeping-fr","9":"product_cat-outils-de-mesure","10":"product_cat-resistance-du-sol","11":"product_tag-sur-demande","13":"first","14":"instock","15":"taxable","16":"shipping-taxable","17":"product-type-simple"},"acf":[],"_links":{"self":[{"href":"https:\/\/sibeag.ch\/fr\/wp-json\/wp\/v2\/product\/20420","targetHints":{"allow":["GET"]}}],"collection":[{"href":"https:\/\/sibeag.ch\/fr\/wp-json\/wp\/v2\/product"}],"about":[{"href":"https:\/\/sibeag.ch\/fr\/wp-json\/wp\/v2\/types\/product"}],"wp:featuredmedia":[{"embeddable":true,"href":"https:\/\/sibeag.ch\/fr\/wp-json\/wp\/v2\/media\/20422"}],"wp:attachment":[{"href":"https:\/\/sibeag.ch\/fr\/wp-json\/wp\/v2\/media?parent=20420"}],"wp:term":[{"taxonomy":"product_brand","embeddable":true,"href":"https:\/\/sibeag.ch\/fr\/wp-json\/wp\/v2\/product_brand?post=20420"},{"taxonomy":"product_cat","embeddable":true,"href":"https:\/\/sibeag.ch\/fr\/wp-json\/wp\/v2\/product_cat?post=20420"},{"taxonomy":"product_tag","embeddable":true,"href":"https:\/\/sibeag.ch\/fr\/wp-json\/wp\/v2\/product_tag?post=20420"}],"curies":[{"name":"wp","href":"https:\/\/api.w.org\/{rel}","templated":true}]}}