{"id":20510,"date":"2019-07-15T15:34:47","date_gmt":"2019-07-15T15:34:47","guid":{"rendered":"https:\/\/www.sibeag.ch\/?post_type=product&#038;p=20510"},"modified":"2026-02-18T16:44:18","modified_gmt":"2026-02-18T15:44:18","slug":"tete-de-rateau-chief","status":"publish","type":"product","link":"https:\/\/sibeag.ch\/fr\/parcours-de-golf\/bunker-fr\/tetes-de-rateaux\/tete-de-rateau-chief\/","title":{"rendered":"T\u00eate de r\u00e2teau Chief"},"content":{"rendered":"","protected":false},"excerpt":{"rendered":"<p><img loading=\"lazy\" decoding=\"async\" class=\"alignright size-medium wp-image-3355\" src=\"https:\/\/www.sibeag.ch\/wp-content\/uploads\/StandardGolf_Logo-300x83.jpg\" alt=\"Logo de Standard Golf\" width=\"112\" height=\"31\"><\/p>\n<h1>T\u00eate de r\u00e2teau Chief<\/h1>\n<p>Ce r\u00e2teau sans dents est 51 cm de large et un c\u00f4t\u00e9 lisse pour remplir les c\u00f4t\u00e9s verticaux du bunker. L&rsquo;autre c\u00f4t\u00e9 a des cr\u00eates pour \u00e9bavurer le fond du bunker sans laisser de grands sillons dans le sable.<\/p>\n","protected":false},"featured_media":20514,"template":"","meta":{"_acf_changed":false},"product_brand":[2972],"product_cat":[961,984,996],"product_tag":[],"class_list":{"0":"entry","1":"author-sibeag","2":"has-excerpt","3":"post-20510","4":"product","5":"type-product","6":"status-publish","7":"has-post-thumbnail","8":"product_brand-standard-golf","9":"product_cat-parcours-de-golf","10":"product_cat-bunker-fr","11":"product_cat-tetes-de-rateaux","13":"first","14":"instock","15":"taxable","16":"shipping-taxable","17":"purchasable","18":"product-type-simple"},"acf":[],"_links":{"self":[{"href":"https:\/\/sibeag.ch\/fr\/wp-json\/wp\/v2\/product\/20510","targetHints":{"allow":["GET"]}}],"collection":[{"href":"https:\/\/sibeag.ch\/fr\/wp-json\/wp\/v2\/product"}],"about":[{"href":"https:\/\/sibeag.ch\/fr\/wp-json\/wp\/v2\/types\/product"}],"wp:featuredmedia":[{"embeddable":true,"href":"https:\/\/sibeag.ch\/fr\/wp-json\/wp\/v2\/media\/20514"}],"wp:attachment":[{"href":"https:\/\/sibeag.ch\/fr\/wp-json\/wp\/v2\/media?parent=20510"}],"wp:term":[{"taxonomy":"product_brand","embeddable":true,"href":"https:\/\/sibeag.ch\/fr\/wp-json\/wp\/v2\/product_brand?post=20510"},{"taxonomy":"product_cat","embeddable":true,"href":"https:\/\/sibeag.ch\/fr\/wp-json\/wp\/v2\/product_cat?post=20510"},{"taxonomy":"product_tag","embeddable":true,"href":"https:\/\/sibeag.ch\/fr\/wp-json\/wp\/v2\/product_tag?post=20510"}],"curies":[{"name":"wp","href":"https:\/\/api.w.org\/{rel}","templated":true}]}}