{"id":20579,"date":"2019-07-16T07:23:10","date_gmt":"2019-07-16T07:23:12","guid":{"rendered":"https:\/\/www.sibeag.ch\/?post_type=product&#038;p=20579"},"modified":"2026-02-18T17:20:38","modified_gmt":"2026-02-18T16:20:38","slug":"porte-bouteilles-2","status":"publish","type":"product","link":"https:\/\/sibeag.ch\/fr\/parcours-de-golf\/depart\/conteneurs-de-semence\/porte-bouteilles-2\/","title":{"rendered":"Porte-bouteilles"},"content":{"rendered":"","protected":false},"excerpt":{"rendered":"<p><img loading=\"lazy\" decoding=\"async\" class=\"alignright size-medium wp-image-3355\" src=\"https:\/\/www.sibeag.ch\/wp-content\/uploads\/StandardGolf_Logo-300x83.jpg\" alt=\"Logo de Standard Golf\" width=\"112\" height=\"31\" \/><\/p>\n<h1>Porte-bouteilles<\/h1>\n<p>La construction l\u00e9g\u00e8re permet de placer la porte-bouteilles n&rsquo;importe o\u00f9.<\/p>\n<ul>\n<li>89 x 147 x 46 cm (H x L x P)<\/li>\n<li>capacit\u00e9 de 30 bouteilles \u00e0 terreau et semence (1.2 litres)<\/li>\n<li>en plastique recycl\u00e9<\/li>\n<\/ul>\n","protected":false},"featured_media":20791,"template":"","meta":{"_acf_changed":false},"product_brand":[],"product_cat":[961,966,968],"product_tag":[1912],"class_list":{"0":"entry","1":"author-sibeag","2":"has-excerpt","3":"post-20579","4":"product","5":"type-product","6":"status-publish","7":"has-post-thumbnail","8":"product_cat-parcours-de-golf","9":"product_cat-depart","10":"product_cat-conteneurs-de-semence","11":"product_tag-conteneurs-de-semence","13":"first","14":"instock","15":"taxable","16":"shipping-taxable","17":"purchasable","18":"product-type-variable"},"acf":[],"_links":{"self":[{"href":"https:\/\/sibeag.ch\/fr\/wp-json\/wp\/v2\/product\/20579","targetHints":{"allow":["GET"]}}],"collection":[{"href":"https:\/\/sibeag.ch\/fr\/wp-json\/wp\/v2\/product"}],"about":[{"href":"https:\/\/sibeag.ch\/fr\/wp-json\/wp\/v2\/types\/product"}],"wp:featuredmedia":[{"embeddable":true,"href":"https:\/\/sibeag.ch\/fr\/wp-json\/wp\/v2\/media\/20791"}],"wp:attachment":[{"href":"https:\/\/sibeag.ch\/fr\/wp-json\/wp\/v2\/media?parent=20579"}],"wp:term":[{"taxonomy":"product_brand","embeddable":true,"href":"https:\/\/sibeag.ch\/fr\/wp-json\/wp\/v2\/product_brand?post=20579"},{"taxonomy":"product_cat","embeddable":true,"href":"https:\/\/sibeag.ch\/fr\/wp-json\/wp\/v2\/product_cat?post=20579"},{"taxonomy":"product_tag","embeddable":true,"href":"https:\/\/sibeag.ch\/fr\/wp-json\/wp\/v2\/product_tag?post=20579"}],"curies":[{"name":"wp","href":"https:\/\/api.w.org\/{rel}","templated":true}]}}