{"id":20647,"date":"2019-07-16T07:24:59","date_gmt":"2019-07-16T07:24:59","guid":{"rendered":"https:\/\/www.sibeag.ch\/?post_type=product&#038;p=20647"},"modified":"2026-02-18T16:45:07","modified_gmt":"2026-02-18T15:45:07","slug":"couvercle-de-bogey-10-6cm-plastique","status":"publish","type":"product","link":"https:\/\/sibeag.ch\/fr\/parcours-de-golf\/green-fr\/bogeys-accessoires\/couvercle-de-bogey-10-6cm-plastique\/","title":{"rendered":"Couvercle de bogey \u00f810.6 cm, plastique"},"content":{"rendered":"","protected":false},"excerpt":{"rendered":"<p><img loading=\"lazy\" decoding=\"async\" class=\"alignright size-full wp-image-184\" src=\"https:\/\/www.sibeag.ch\/wp-content\/uploads\/Standard-Golf-Logo.jpg\" alt=\"Standard Golf Logo\" width=\"112\" height=\"30\"><\/p>\n<h1>Couvercle de bogey \u00f810.6 cm, plastique<\/h1>\n<p>Le couvercle se met sur le dessus du bogey, s\u2019ajuste \u00e0 ras du vert. Cela permet de prot\u00e9ger les bogey contre les engrais et la salet\u00e9.<\/p>\n<ul>\n<li>2.5 cm de hauteur<\/li>\n<li>10.6 cm de diam\u00e8tre<\/li>\n<li>vert<\/li>\n<li>en plastqiue l\u00e9ger<\/li>\n<\/ul>\n","protected":false},"featured_media":20815,"template":"","meta":{"_acf_changed":false},"product_brand":[2972],"product_cat":[971,1029],"product_tag":[],"class_list":{"0":"entry","1":"author-sibeag","2":"has-excerpt","3":"post-20647","4":"product","5":"type-product","6":"status-publish","7":"has-post-thumbnail","8":"product_brand-standard-golf","9":"product_cat-green-fr","10":"product_cat-bogeys-accessoires","12":"first","13":"instock","14":"taxable","15":"shipping-taxable","16":"purchasable","17":"product-type-simple"},"acf":[],"_links":{"self":[{"href":"https:\/\/sibeag.ch\/fr\/wp-json\/wp\/v2\/product\/20647","targetHints":{"allow":["GET"]}}],"collection":[{"href":"https:\/\/sibeag.ch\/fr\/wp-json\/wp\/v2\/product"}],"about":[{"href":"https:\/\/sibeag.ch\/fr\/wp-json\/wp\/v2\/types\/product"}],"wp:featuredmedia":[{"embeddable":true,"href":"https:\/\/sibeag.ch\/fr\/wp-json\/wp\/v2\/media\/20815"}],"wp:attachment":[{"href":"https:\/\/sibeag.ch\/fr\/wp-json\/wp\/v2\/media?parent=20647"}],"wp:term":[{"taxonomy":"product_brand","embeddable":true,"href":"https:\/\/sibeag.ch\/fr\/wp-json\/wp\/v2\/product_brand?post=20647"},{"taxonomy":"product_cat","embeddable":true,"href":"https:\/\/sibeag.ch\/fr\/wp-json\/wp\/v2\/product_cat?post=20647"},{"taxonomy":"product_tag","embeddable":true,"href":"https:\/\/sibeag.ch\/fr\/wp-json\/wp\/v2\/product_tag?post=20647"}],"curies":[{"name":"wp","href":"https:\/\/api.w.org\/{rel}","templated":true}]}}