{"id":20649,"date":"2019-07-16T07:25:04","date_gmt":"2019-07-16T07:25:04","guid":{"rendered":"https:\/\/www.sibeag.ch\/?post_type=product&#038;p=20649"},"modified":"2026-02-18T16:45:12","modified_gmt":"2026-02-18T15:45:12","slug":"reducteur-de-trou-plastique","status":"publish","type":"product","link":"https:\/\/sibeag.ch\/fr\/putting-green-fr\/cibles-entrainement\/reducteur-de-trou-plastique\/","title":{"rendered":"R\u00e9ducteur de de trou, en caoutchouc recycl\u00e9"},"content":{"rendered":"","protected":false},"excerpt":{"rendered":"<p><img loading=\"lazy\" decoding=\"async\" class=\"alignright size-medium wp-image-3355\" src=\"https:\/\/www.sibeag.ch\/wp-content\/uploads\/StandardGolf_Logo-300x83.jpg\" alt=\"Logo de Standard Golf\" width=\"112\" height=\"31\"><\/p>\n<h1>R\u00e9ducteur de de trou, en caoutchouc recycl\u00e9<\/h1>\n<p>Le r\u00e9ducteur de trou r\u00e9duit le diam\u00e8tre du trou par 2.5 cm.<\/p>\n<ul>\n<li>10.6 cm de diam\u00e8tre<\/li>\n<li>2.5 cm de hauteur<\/li>\n<li>en plastique<\/li>\n<\/ul>\n","protected":false},"featured_media":20817,"template":"","meta":{"_acf_changed":false},"product_brand":[2972],"product_cat":[1004,1008],"product_tag":[],"class_list":{"0":"entry","1":"author-sibeag","2":"has-excerpt","3":"post-20649","4":"product","5":"type-product","6":"status-publish","7":"has-post-thumbnail","8":"product_brand-standard-golf","9":"product_cat-putting-green-fr","10":"product_cat-cibles-entrainement","12":"first","13":"instock","14":"taxable","15":"shipping-taxable","16":"purchasable","17":"product-type-simple"},"acf":[],"_links":{"self":[{"href":"https:\/\/sibeag.ch\/fr\/wp-json\/wp\/v2\/product\/20649","targetHints":{"allow":["GET"]}}],"collection":[{"href":"https:\/\/sibeag.ch\/fr\/wp-json\/wp\/v2\/product"}],"about":[{"href":"https:\/\/sibeag.ch\/fr\/wp-json\/wp\/v2\/types\/product"}],"wp:featuredmedia":[{"embeddable":true,"href":"https:\/\/sibeag.ch\/fr\/wp-json\/wp\/v2\/media\/20817"}],"wp:attachment":[{"href":"https:\/\/sibeag.ch\/fr\/wp-json\/wp\/v2\/media?parent=20649"}],"wp:term":[{"taxonomy":"product_brand","embeddable":true,"href":"https:\/\/sibeag.ch\/fr\/wp-json\/wp\/v2\/product_brand?post=20649"},{"taxonomy":"product_cat","embeddable":true,"href":"https:\/\/sibeag.ch\/fr\/wp-json\/wp\/v2\/product_cat?post=20649"},{"taxonomy":"product_tag","embeddable":true,"href":"https:\/\/sibeag.ch\/fr\/wp-json\/wp\/v2\/product_tag?post=20649"}],"curies":[{"name":"wp","href":"https:\/\/api.w.org\/{rel}","templated":true}]}}