{"id":21025,"date":"2019-07-16T14:18:52","date_gmt":"2019-07-16T14:18:52","guid":{"rendered":"https:\/\/www.sibeag.ch\/?post_type=product&#038;p=21025"},"modified":"2026-02-18T16:45:26","modified_gmt":"2026-02-18T15:45:26","slug":"horloge-murale","status":"publish","type":"product","link":"https:\/\/sibeag.ch\/fr\/club-house\/horloges\/horloge-murale\/","title":{"rendered":"Horloge murale"},"content":{"rendered":"","protected":false},"excerpt":{"rendered":"<h1>Horloge murale<\/h1>\n<p>Cette montre \u00e0 deux c\u00f4t\u00e9s est aliment\u00e9e par 2 batteries AA et s&rsquo;ajuste automatiquement.<\/p>\n<ul>\n<li>40.0 cm de diam\u00e8tre<\/li>\n<li><b>pas<\/b> r\u00e9sistant aux intemp\u00e9ries<\/li>\n<li>doit \u00eatre plac\u00e9 dans un endroit couvert<\/li>\n<li>en aluminium<\/li>\n<\/ul>\n","protected":false},"featured_media":21027,"template":"","meta":{"_acf_changed":false},"product_brand":[],"product_cat":[962,1069],"product_tag":[],"class_list":{"0":"entry","1":"author-sibeag","2":"has-excerpt","3":"post-21025","4":"product","5":"type-product","6":"status-publish","7":"has-post-thumbnail","8":"product_cat-club-house","9":"product_cat-horloges","11":"first","12":"instock","13":"taxable","14":"shipping-taxable","15":"purchasable","16":"product-type-simple"},"acf":[],"_links":{"self":[{"href":"https:\/\/sibeag.ch\/fr\/wp-json\/wp\/v2\/product\/21025","targetHints":{"allow":["GET"]}}],"collection":[{"href":"https:\/\/sibeag.ch\/fr\/wp-json\/wp\/v2\/product"}],"about":[{"href":"https:\/\/sibeag.ch\/fr\/wp-json\/wp\/v2\/types\/product"}],"wp:featuredmedia":[{"embeddable":true,"href":"https:\/\/sibeag.ch\/fr\/wp-json\/wp\/v2\/media\/21027"}],"wp:attachment":[{"href":"https:\/\/sibeag.ch\/fr\/wp-json\/wp\/v2\/media?parent=21025"}],"wp:term":[{"taxonomy":"product_brand","embeddable":true,"href":"https:\/\/sibeag.ch\/fr\/wp-json\/wp\/v2\/product_brand?post=21025"},{"taxonomy":"product_cat","embeddable":true,"href":"https:\/\/sibeag.ch\/fr\/wp-json\/wp\/v2\/product_cat?post=21025"},{"taxonomy":"product_tag","embeddable":true,"href":"https:\/\/sibeag.ch\/fr\/wp-json\/wp\/v2\/product_tag?post=21025"}],"curies":[{"name":"wp","href":"https:\/\/api.w.org\/{rel}","templated":true}]}}