{"id":21046,"date":"2019-07-16T15:26:58","date_gmt":"2019-07-16T15:27:00","guid":{"rendered":"https:\/\/www.sibeag.ch\/?post_type=product&#038;p=21046"},"modified":"2024-11-30T08:41:59","modified_gmt":"2024-11-30T07:41:59","slug":"banc-technowood","status":"publish","type":"product","link":"https:\/\/sibeag.ch\/fr\/practice-driving-range\/amenagement-equipement\/bancs\/banc-technowood\/","title":{"rendered":"Banc Technowood"},"content":{"rendered":"","protected":false},"excerpt":{"rendered":"<p><img decoding=\"async\" class=\"alignright size-medium wp-image-3355 pattisson\" src=\"https:\/\/www.sibeag.ch\/wp-content\/uploads\/Pattisson_Logo.jpg\" alt=\"Logo Pattisson\" width=\"78px\"><\/p>\n<h1>Banc Technowood<\/h1>\n<p>Le nouveau mat\u00e9riel Technowood est similair au bois mais n&rsquo;est pas expos\u00e9 aux limites du bois. Le Technowood est compos\u00e9s de plastique recycl\u00e9 et fibre de verre. En plus, le film de surface garantie une r\u00e9sistance des couleurs de 10 ans et une dur\u00e9e de vie estim\u00e9 de 30 ans. Aucun entretien requis et options de produits sans fin.<\/p>\n<ul>\n<li>147 x 50 x 45 cm (L x P x H)<\/li>\n<li>Hauteur d&rsquo;assise: 45.5 cm<\/li>\n<\/ul>\n","protected":false},"featured_media":21056,"template":"","meta":{"_acf_changed":false},"product_brand":[],"product_cat":[998,999],"product_tag":[2939],"class_list":{"0":"entry","1":"author-sibeag","2":"has-excerpt","3":"post-21046","4":"product","5":"type-product","6":"status-publish","7":"has-post-thumbnail","8":"product_cat-bancs","9":"product_cat-banc","10":"product_tag-sur-demande","12":"first","13":"instock","14":"taxable","15":"shipping-taxable","16":"purchasable","17":"product-type-variable"},"acf":[],"_links":{"self":[{"href":"https:\/\/sibeag.ch\/fr\/wp-json\/wp\/v2\/product\/21046","targetHints":{"allow":["GET"]}}],"collection":[{"href":"https:\/\/sibeag.ch\/fr\/wp-json\/wp\/v2\/product"}],"about":[{"href":"https:\/\/sibeag.ch\/fr\/wp-json\/wp\/v2\/types\/product"}],"wp:featuredmedia":[{"embeddable":true,"href":"https:\/\/sibeag.ch\/fr\/wp-json\/wp\/v2\/media\/21056"}],"wp:attachment":[{"href":"https:\/\/sibeag.ch\/fr\/wp-json\/wp\/v2\/media?parent=21046"}],"wp:term":[{"taxonomy":"product_brand","embeddable":true,"href":"https:\/\/sibeag.ch\/fr\/wp-json\/wp\/v2\/product_brand?post=21046"},{"taxonomy":"product_cat","embeddable":true,"href":"https:\/\/sibeag.ch\/fr\/wp-json\/wp\/v2\/product_cat?post=21046"},{"taxonomy":"product_tag","embeddable":true,"href":"https:\/\/sibeag.ch\/fr\/wp-json\/wp\/v2\/product_tag?post=21046"}],"curies":[{"name":"wp","href":"https:\/\/api.w.org\/{rel}","templated":true}]}}